{"id":10255,"date":"2022-04-22T10:25:13","date_gmt":"2022-04-22T10:25:13","guid":{"rendered":"https:\/\/tienda.escamilla.es\/?page_id=10255"},"modified":"2022-05-19T10:15:08","modified_gmt":"2022-05-19T10:15:08","slug":"aceituna-de-mesa-escamilla","status":"publish","type":"page","link":"https:\/\/escamilla.es\/de\/aceituna-de-mesa-escamilla\/","title":{"rendered":"Oliven"},"content":{"rendered":"<div data-elementor-type=\"wp-page\" data-elementor-id=\"10255\" class=\"elementor elementor-10255\" data-elementor-post-type=\"page\">\n\t\t\t\t\t\t<section class=\"elementor-section elementor-top-section elementor-element elementor-element-00ca83b elementor-section-content-middle elementor-section-stretched elementor-section-boxed elementor-section-height-default elementor-section-height-default wd-section-disabled\" data-id=\"00ca83b\" data-element_type=\"section\" data-settings=\"{&quot;stretch_section&quot;:&quot;section-stretched&quot;}\">\n\t\t\t\t\t\t<div class=\"elementor-container elementor-column-gap-extended\">\n\t\t\t\t\t<div class=\"elementor-column elementor-col-100 elementor-top-column elementor-element elementor-element-3d7dbf7\" data-id=\"3d7dbf7\" data-element_type=\"column\">\n\t\t\t<div class=\"elementor-widget-wrap elementor-element-populated\">\n\t\t\t\t\t\t<div class=\"elementor-element elementor-element-d8317e6 elementor-widget elementor-widget-wd_title\" data-id=\"d8317e6\" data-element_type=\"widget\" data-widget_type=\"wd_title.default\">\n\t\t\t\t<div class=\"elementor-widget-container\">\n\t\t\t\t\t\t<link rel=\"stylesheet\" id=\"wd-section-title-css\" href=\"https:\/\/escamilla.es\/wp-content\/themes\/woodmart\/css\/parts\/el-section-title.min.css?ver=6.3.3\" type=\"text\/css\" media=\"all\" \/> \t\t\t\t\t<div class=\"title-wrapper set-mb-s reset-last-child wd-title-color-black wd-title-style-image wd-title-size-extra-large text-left\">\n\n\t\t\t\n\t\t\t<div class=\"liner-continer\">\n\t\t\t\t<h4 class=\"woodmart-title-container title wd-fontsize-xxxl\">DER PROZESS<\/h4> \n\t\t\t\t\t\t\t<\/div>\n\n\t\t\t\t\t\t\t<div class=\"title-after_title set-cont-mb-s reset-last-child wd-fontsize-s\">\n\t\t\t\t\t<p>Unter<strong>\u00a0Escamilla\u00a0<\/strong>Wir verarbeiten 200.000 Kilo Oliven pro Tag und verpacken 9 Millionen Kilo pro Jahr. Wir haben mehr als 150 Hektar eigene Olivenb\u00e4ume und unsere 800 Fermenter k\u00f6nnen bis zu 8 Millionen Kilo fassen.<\/p><p><strong>Wie werden Oliven verarbeitet?<\/strong><\/p><p>Nach der Ernte werden die Oliven mit Hilfe modernster Sortiermaschinen von Zweigen, Bl\u00e4ttern und reifen Fr\u00fcchten befreit.<\/p><p>Nach der Reinigung werden die Oliven mit einer alkalischen L\u00f6sung behandelt, um ihre nat\u00fcrliche Bitterkeit zu beseitigen. Anschlie\u00dfend werden sie gewaschen und in Salzlake zur G\u00e4rung und Konservierung aufbewahrt.<\/p><p>Sobald dieser Prozess abgeschlossen ist, sind sie zum Verzehr bereit. Wir haben gr\u00fcne Oliven, Oliven mit wechselnder Farbe oder violette und schwarze Oliven.<\/p><p><strong>Gr\u00fcne Oliven<\/strong>\u00a0werden w\u00e4hrend des Reifezyklus geerntet, wenn sie noch unreif sind, vor der Reifezeit und wenn sie eine Standardgr\u00f6\u00dfe erreicht haben. Die Oliven sind fest, gesund und widerstandsf\u00e4hig bei leichtem Druck zwischen den Fingern und weisen keine anderen Flecken als die ihrer nat\u00fcrlichen Pigmentierung auf. Die F\u00e4rbung der Fr\u00fcchte kann von gr\u00fcn bis strohgelb variieren.<\/p><p><strong>Farbwechselnde oder violette Oliven<\/strong>werden aus rosa, weinrosa oder kastanienfarbenen Fr\u00fcchten gewonnen, die vor der Vollreife geerntet werden.<\/p><p><strong>Schwarze Oliven<\/strong>Urspr\u00fcnglich sind sie gr\u00fcn, aber durch einen Oxidationsprozess erhalten sie ihre charakteristische Farbe und ihren Geschmack.<\/p>\t\t\t\t<\/div>\n\t\t\t\t\t<\/div>\n\t\t\t\t<\/div>\n\t\t\t\t<\/div>\n\t\t\t\t\t<\/div>\n\t\t<\/div>\n\t\t\t\t\t<\/div>\n\t\t<\/section>\n\t\t\t\t<section class=\"elementor-section elementor-top-section elementor-element elementor-element-ede4b07 elementor-section-content-middle elementor-section-boxed elementor-section-height-default elementor-section-height-default wd-section-disabled\" data-id=\"ede4b07\" data-element_type=\"section\">\n\t\t\t\t\t\t<div class=\"elementor-container elementor-column-gap-extended\">\n\t\t\t\t\t<div class=\"elementor-column elementor-col-50 elementor-top-column elementor-element elementor-element-42f0df3\" data-id=\"42f0df3\" data-element_type=\"column\">\n\t\t\t<div class=\"elementor-widget-wrap elementor-element-populated\">\n\t\t\t\t\t\t<div class=\"elementor-element elementor-element-3694f5b elementor-headline--style-highlight elementor-widget elementor-widget-animated-headline\" data-id=\"3694f5b\" data-element_type=\"widget\" data-settings=\"{&quot;marker&quot;:&quot;underline&quot;,&quot;highlighted_text&quot;:&quot;Variedades&quot;,&quot;headline_style&quot;:&quot;highlight&quot;,&quot;loop&quot;:&quot;yes&quot;,&quot;highlight_animation_duration&quot;:1200,&quot;highlight_iteration_delay&quot;:8000}\" data-widget_type=\"animated-headline.default\">\n\t\t\t\t<div class=\"elementor-widget-container\">\n\t\t\t\t\t\t<a href=\"https:\/\/escamilla.es\/de\/variedades\/\">\n\n\t\t\t\t\t<p class=\"elementor-headline\">\n\t\t\t\t<span class=\"elementor-headline-dynamic-wrapper elementor-headline-text-wrapper\">\n\t\t\t\t\t<span class=\"elementor-headline-dynamic-text elementor-headline-text-active\">Sorten<\/span>\n\t\t\t\t<\/span>\n\t\t\t\t<\/p>\n\t\t<\/a>\t\t<\/div>\n\t\t\t\t<\/div>\n\t\t\t\t\t<\/div>\n\t\t<\/div>\n\t\t\t\t<div class=\"elementor-column elementor-col-50 elementor-top-column elementor-element elementor-element-53568b3\" data-id=\"53568b3\" data-element_type=\"column\">\n\t\t\t<div class=\"elementor-widget-wrap elementor-element-populated\">\n\t\t\t\t\t\t<div class=\"elementor-element elementor-element-df5c746 elementor-headline--style-highlight elementor-widget elementor-widget-animated-headline\" data-id=\"df5c746\" data-element_type=\"widget\" data-settings=\"{&quot;marker&quot;:&quot;underline&quot;,&quot;highlighted_text&quot;:&quot;Ali\\u00f1os y encurtidos&quot;,&quot;headline_style&quot;:&quot;highlight&quot;,&quot;loop&quot;:&quot;yes&quot;,&quot;highlight_animation_duration&quot;:1200,&quot;highlight_iteration_delay&quot;:8000}\" data-widget_type=\"animated-headline.default\">\n\t\t\t\t<div class=\"elementor-widget-container\">\n\t\t\t\t\t\t<a href=\"https:\/\/escamilla.es\/de\/alinos-y-encurtidos\/\">\n\n\t\t\t\t\t<p class=\"elementor-headline\">\n\t\t\t\t<span class=\"elementor-headline-dynamic-wrapper elementor-headline-text-wrapper\">\n\t\t\t\t\t<span class=\"elementor-headline-dynamic-text elementor-headline-text-active\">Dressings und Essiggurken<\/span>\n\t\t\t\t<\/span>\n\t\t\t\t<\/p>\n\t\t<\/a>\t\t<\/div>\n\t\t\t\t<\/div>\n\t\t\t\t\t<\/div>\n\t\t<\/div>\n\t\t\t\t\t<\/div>\n\t\t<\/section>\n\t\t\t\t<section class=\"elementor-section elementor-top-section elementor-element elementor-element-fcb4152 elementor-section-content-middle elementor-section-boxed elementor-section-height-default elementor-section-height-default wd-section-disabled\" data-id=\"fcb4152\" data-element_type=\"section\">\n\t\t\t\t\t\t<div class=\"elementor-container elementor-column-gap-extended\">\n\t\t\t\t\t<div class=\"elementor-column elementor-col-33 elementor-top-column elementor-element elementor-element-f7444a4\" data-id=\"f7444a4\" data-element_type=\"column\">\n\t\t\t<div class=\"elementor-widget-wrap elementor-element-populated\">\n\t\t\t\t\t\t<div class=\"elementor-element elementor-element-7d57ae3 elementor-widget elementor-widget-video\" data-id=\"7d57ae3\" data-element_type=\"widget\" data-settings=\"{&quot;youtube_url&quot;:&quot;https:\\\/\\\/www.youtube.com\\\/watch?v=urDcO3Rdpxk&quot;,&quot;video_type&quot;:&quot;youtube&quot;,&quot;controls&quot;:&quot;yes&quot;}\" data-widget_type=\"video.default\">\n\t\t\t\t<div class=\"elementor-widget-container\">\n\t\t\t\t\t<div class=\"elementor-wrapper elementor-open-inline\">\n\t\t\t<div class=\"elementor-video\"><\/div>\t\t<\/div>\n\t\t\t\t<\/div>\n\t\t\t\t<\/div>\n\t\t\t\t\t<\/div>\n\t\t<\/div>\n\t\t\t\t<div class=\"elementor-column elementor-col-33 elementor-top-column elementor-element elementor-element-468428f\" data-id=\"468428f\" data-element_type=\"column\">\n\t\t\t<div class=\"elementor-widget-wrap elementor-element-populated\">\n\t\t\t\t\t\t<div class=\"elementor-element elementor-element-996f893 elementor-widget elementor-widget-video\" data-id=\"996f893\" data-element_type=\"widget\" data-settings=\"{&quot;youtube_url&quot;:&quot;https:\\\/\\\/www.youtube.com\\\/watch?v=XMvnwkclaws&quot;,&quot;video_type&quot;:&quot;youtube&quot;,&quot;controls&quot;:&quot;yes&quot;}\" data-widget_type=\"video.default\">\n\t\t\t\t<div class=\"elementor-widget-container\">\n\t\t\t\t\t<div class=\"elementor-wrapper elementor-open-inline\">\n\t\t\t<div class=\"elementor-video\"><\/div>\t\t<\/div>\n\t\t\t\t<\/div>\n\t\t\t\t<\/div>\n\t\t\t\t\t<\/div>\n\t\t<\/div>\n\t\t\t\t<div class=\"elementor-column elementor-col-33 elementor-top-column elementor-element elementor-element-17bb3f8\" data-id=\"17bb3f8\" data-element_type=\"column\">\n\t\t\t<div class=\"elementor-widget-wrap elementor-element-populated\">\n\t\t\t\t\t\t<div class=\"elementor-element elementor-element-e43a9b7 elementor-widget elementor-widget-video\" data-id=\"e43a9b7\" data-element_type=\"widget\" data-settings=\"{&quot;youtube_url&quot;:&quot;https:\\\/\\\/www.youtube.com\\\/watch?v=OJ90e2_7TxQ&quot;,&quot;video_type&quot;:&quot;youtube&quot;,&quot;controls&quot;:&quot;yes&quot;}\" data-widget_type=\"video.default\">\n\t\t\t\t<div class=\"elementor-widget-container\">\n\t\t\t\t\t<div class=\"elementor-wrapper elementor-open-inline\">\n\t\t\t<div class=\"elementor-video\"><\/div>\t\t<\/div>\n\t\t\t\t<\/div>\n\t\t\t\t<\/div>\n\t\t\t\t\t<\/div>\n\t\t<\/div>\n\t\t\t\t\t<\/div>\n\t\t<\/section>\n\t\t\t\t<\/div>","protected":false},"excerpt":{"rendered":"<p>DER VERARBEITUNGSPROZESS Bei Escamilla verarbeiten wir t\u00e4glich 200.000 Kilo Oliven und verpacken 9 Millionen Kilo pro Jahr. Wir haben<\/p>","protected":false},"author":1,"featured_media":0,"parent":0,"menu_order":0,"comment_status":"closed","ping_status":"closed","template":"","meta":{"footnotes":""},"class_list":["post-10255","page","type-page","status-publish","hentry"],"yoast_head":"<!-- This site is optimized with the Yoast SEO plugin v23.4 - https:\/\/yoast.com\/wordpress\/plugins\/seo\/ -->\n<title>Aceitunas - Escamilla<\/title>\n<meta name=\"robots\" content=\"index, follow, max-snippet:-1, max-image-preview:large, max-video-preview:-1\" \/>\n<link rel=\"canonical\" href=\"https:\/\/escamilla.es\/de\/aceituna-de-mesa-escamilla\/\" \/>\n<meta property=\"og:locale\" content=\"de_DE\" \/>\n<meta property=\"og:type\" content=\"article\" \/>\n<meta property=\"og:title\" content=\"Aceitunas - Escamilla\" \/>\n<meta property=\"og:description\" content=\"EL PROCESO En\u00a0Escamilla\u00a0procesamos 200 mil kilos de aceitunas al d\u00eda y envasamos 9 millones de kilos al a\u00f1o. Contamos con\" \/>\n<meta property=\"og:url\" content=\"https:\/\/escamilla.es\/de\/aceituna-de-mesa-escamilla\/\" \/>\n<meta property=\"og:site_name\" content=\"Escamilla\" \/>\n<meta property=\"article:modified_time\" content=\"2022-05-19T10:15:08+00:00\" \/>\n<meta name=\"twitter:card\" content=\"summary_large_image\" \/>\n<meta name=\"twitter:label1\" content=\"Gesch\u00e4tzte Lesezeit\" \/>\n\t<meta name=\"twitter:data1\" content=\"1\u00a0Minute\" \/>\n<script type=\"application\/ld+json\" class=\"yoast-schema-graph\">{\"@context\":\"https:\/\/schema.org\",\"@graph\":[{\"@type\":\"WebPage\",\"@id\":\"https:\/\/escamilla.es\/es_es\/aceituna-de-mesa-escamilla\/\",\"url\":\"https:\/\/escamilla.es\/es_es\/aceituna-de-mesa-escamilla\/\",\"name\":\"Aceitunas - Escamilla\",\"isPartOf\":{\"@id\":\"https:\/\/escamilla.es\/es_es\/#website\"},\"datePublished\":\"2022-04-22T10:25:13+00:00\",\"dateModified\":\"2022-05-19T10:15:08+00:00\",\"breadcrumb\":{\"@id\":\"https:\/\/escamilla.es\/es_es\/aceituna-de-mesa-escamilla\/#breadcrumb\"},\"inLanguage\":\"de\",\"potentialAction\":[{\"@type\":\"ReadAction\",\"target\":[\"https:\/\/escamilla.es\/es_es\/aceituna-de-mesa-escamilla\/\"]}]},{\"@type\":\"BreadcrumbList\",\"@id\":\"https:\/\/escamilla.es\/es_es\/aceituna-de-mesa-escamilla\/#breadcrumb\",\"itemListElement\":[{\"@type\":\"ListItem\",\"position\":1,\"name\":\"Portada\",\"item\":\"https:\/\/escamilla.es\/es_es\/\"},{\"@type\":\"ListItem\",\"position\":2,\"name\":\"Aceitunas\"}]},{\"@type\":\"WebSite\",\"@id\":\"https:\/\/escamilla.es\/es_es\/#website\",\"url\":\"https:\/\/escamilla.es\/es_es\/\",\"name\":\"Escamilla\",\"description\":\"\",\"publisher\":{\"@id\":\"https:\/\/escamilla.es\/es_es\/#organization\"},\"potentialAction\":[{\"@type\":\"SearchAction\",\"target\":{\"@type\":\"EntryPoint\",\"urlTemplate\":\"https:\/\/escamilla.es\/es_es\/?s={search_term_string}\"},\"query-input\":{\"@type\":\"PropertyValueSpecification\",\"valueRequired\":true,\"valueName\":\"search_term_string\"}}],\"inLanguage\":\"de\"},{\"@type\":\"Organization\",\"@id\":\"https:\/\/escamilla.es\/es_es\/#organization\",\"name\":\"Escamilla\",\"url\":\"https:\/\/escamilla.es\/es_es\/\",\"logo\":{\"@type\":\"ImageObject\",\"inLanguage\":\"de\",\"@id\":\"https:\/\/escamilla.es\/es_es\/#\/schema\/logo\/image\/\",\"url\":\"https:\/\/escamilla.es\/wp-content\/uploads\/2022\/03\/admin-ajax.jpg\",\"contentUrl\":\"https:\/\/escamilla.es\/wp-content\/uploads\/2022\/03\/admin-ajax.jpg\",\"width\":100,\"height\":26,\"caption\":\"Escamilla\"},\"image\":{\"@id\":\"https:\/\/escamilla.es\/es_es\/#\/schema\/logo\/image\/\"}}]}<\/script>\n<!-- \/ Yoast SEO plugin. -->","yoast_head_json":{"title":"Aceitunas - Escamilla","robots":{"index":"index","follow":"follow","max-snippet":"max-snippet:-1","max-image-preview":"max-image-preview:large","max-video-preview":"max-video-preview:-1"},"canonical":"https:\/\/escamilla.es\/de\/aceituna-de-mesa-escamilla\/","og_locale":"de_DE","og_type":"article","og_title":"Aceitunas - Escamilla","og_description":"EL PROCESO En\u00a0Escamilla\u00a0procesamos 200 mil kilos de aceitunas al d\u00eda y envasamos 9 millones de kilos al a\u00f1o. Contamos con","og_url":"https:\/\/escamilla.es\/de\/aceituna-de-mesa-escamilla\/","og_site_name":"Escamilla","article_modified_time":"2022-05-19T10:15:08+00:00","twitter_card":"summary_large_image","twitter_misc":{"Gesch\u00e4tzte Lesezeit":"1\u00a0Minute"},"schema":{"@context":"https:\/\/schema.org","@graph":[{"@type":"WebPage","@id":"https:\/\/escamilla.es\/es_es\/aceituna-de-mesa-escamilla\/","url":"https:\/\/escamilla.es\/es_es\/aceituna-de-mesa-escamilla\/","name":"Aceitunas - Escamilla","isPartOf":{"@id":"https:\/\/escamilla.es\/es_es\/#website"},"datePublished":"2022-04-22T10:25:13+00:00","dateModified":"2022-05-19T10:15:08+00:00","breadcrumb":{"@id":"https:\/\/escamilla.es\/es_es\/aceituna-de-mesa-escamilla\/#breadcrumb"},"inLanguage":"de","potentialAction":[{"@type":"ReadAction","target":["https:\/\/escamilla.es\/es_es\/aceituna-de-mesa-escamilla\/"]}]},{"@type":"BreadcrumbList","@id":"https:\/\/escamilla.es\/es_es\/aceituna-de-mesa-escamilla\/#breadcrumb","itemListElement":[{"@type":"ListItem","position":1,"name":"Portada","item":"https:\/\/escamilla.es\/es_es\/"},{"@type":"ListItem","position":2,"name":"Aceitunas"}]},{"@type":"WebSite","@id":"https:\/\/escamilla.es\/es_es\/#website","url":"https:\/\/escamilla.es\/es_es\/","name":"Escamilla","description":"","publisher":{"@id":"https:\/\/escamilla.es\/es_es\/#organization"},"potentialAction":[{"@type":"SearchAction","target":{"@type":"EntryPoint","urlTemplate":"https:\/\/escamilla.es\/es_es\/?s={search_term_string}"},"query-input":{"@type":"PropertyValueSpecification","valueRequired":true,"valueName":"search_term_string"}}],"inLanguage":"de"},{"@type":"Organization","@id":"https:\/\/escamilla.es\/es_es\/#organization","name":"Escamilla","url":"https:\/\/escamilla.es\/es_es\/","logo":{"@type":"ImageObject","inLanguage":"de","@id":"https:\/\/escamilla.es\/es_es\/#\/schema\/logo\/image\/","url":"https:\/\/escamilla.es\/wp-content\/uploads\/2022\/03\/admin-ajax.jpg","contentUrl":"https:\/\/escamilla.es\/wp-content\/uploads\/2022\/03\/admin-ajax.jpg","width":100,"height":26,"caption":"Escamilla"},"image":{"@id":"https:\/\/escamilla.es\/es_es\/#\/schema\/logo\/image\/"}}]}},"_links":{"self":[{"href":"https:\/\/escamilla.es\/de\/wp-json\/wp\/v2\/pages\/10255","targetHints":{"allow":["GET"]}}],"collection":[{"href":"https:\/\/escamilla.es\/de\/wp-json\/wp\/v2\/pages"}],"about":[{"href":"https:\/\/escamilla.es\/de\/wp-json\/wp\/v2\/types\/page"}],"author":[{"embeddable":true,"href":"https:\/\/escamilla.es\/de\/wp-json\/wp\/v2\/users\/1"}],"replies":[{"embeddable":true,"href":"https:\/\/escamilla.es\/de\/wp-json\/wp\/v2\/comments?post=10255"}],"version-history":[{"count":17,"href":"https:\/\/escamilla.es\/de\/wp-json\/wp\/v2\/pages\/10255\/revisions"}],"predecessor-version":[{"id":11644,"href":"https:\/\/escamilla.es\/de\/wp-json\/wp\/v2\/pages\/10255\/revisions\/11644"}],"wp:attachment":[{"href":"https:\/\/escamilla.es\/de\/wp-json\/wp\/v2\/media?parent=10255"}],"curies":[{"name":"wp","href":"https:\/\/api.w.org\/{rel}","templated":true}]}}