{"id":11005,"date":"2022-05-18T05:46:30","date_gmt":"2022-05-18T05:46:30","guid":{"rendered":"https:\/\/tienda.escamilla.es\/?page_id=11005"},"modified":"2022-05-20T06:48:43","modified_gmt":"2022-05-20T06:48:43","slug":"blog","status":"publish","type":"page","link":"https:\/\/escamilla.es\/de\/blog\/","title":{"rendered":"Blog"},"content":{"rendered":"<div data-elementor-type=\"wp-page\" data-elementor-id=\"11005\" class=\"elementor elementor-11005\" data-elementor-post-type=\"page\">\n\t\t\t\t\t\t<section class=\"elementor-section elementor-top-section elementor-element elementor-element-0d00b14 elementor-section-boxed elementor-section-height-default elementor-section-height-default wd-section-disabled\" data-id=\"0d00b14\" data-element_type=\"section\">\n\t\t\t\t\t\t<div class=\"elementor-container elementor-column-gap-default\">\n\t\t\t\t\t<div class=\"elementor-column elementor-col-100 elementor-top-column elementor-element elementor-element-2d7f4df\" data-id=\"2d7f4df\" data-element_type=\"column\">\n\t\t\t<div class=\"elementor-widget-wrap elementor-element-populated\">\n\t\t\t\t\t\t<div class=\"elementor-element elementor-element-221402a elementor-grid-3 elementor-grid-tablet-2 elementor-grid-mobile-1 elementor-posts--thumbnail-top elementor-widget elementor-widget-posts\" data-id=\"221402a\" data-element_type=\"widget\" data-settings=\"{&quot;pagination_type&quot;:&quot;numbers_and_prev_next&quot;,&quot;classic_columns&quot;:&quot;3&quot;,&quot;classic_columns_tablet&quot;:&quot;2&quot;,&quot;classic_columns_mobile&quot;:&quot;1&quot;,&quot;classic_row_gap&quot;:{&quot;unit&quot;:&quot;px&quot;,&quot;size&quot;:35,&quot;sizes&quot;:[]},&quot;classic_row_gap_tablet&quot;:{&quot;unit&quot;:&quot;px&quot;,&quot;size&quot;:&quot;&quot;,&quot;sizes&quot;:[]},&quot;classic_row_gap_mobile&quot;:{&quot;unit&quot;:&quot;px&quot;,&quot;size&quot;:&quot;&quot;,&quot;sizes&quot;:[]}}\" data-widget_type=\"posts.classic\">\n\t\t\t\t<div class=\"elementor-widget-container\">\n\t\t\t\t\t<div class=\"elementor-posts-container elementor-posts elementor-posts--skin-classic elementor-grid\">\n\t\t\t\t<article class=\"elementor-post elementor-grid-item post-11500 post type-post status-publish format-standard has-post-thumbnail hentry category-blog category-sin-categorizar\">\n\t\t\t\t<a class=\"elementor-post__thumbnail__link\" href=\"https:\/\/escamilla.es\/de\/poke-bowl-de-aceitunas-con-anchoa\/\" tabindex=\"-1\" >\n\t\t\t<div class=\"elementor-post__thumbnail\"><img fetchpriority=\"high\" decoding=\"async\" width=\"400\" height=\"262\" src=\"https:\/\/escamilla.es\/wp-content\/uploads\/2018\/05\/post-escamilla-comer-aceitunas-mola-400x262.jpg\" class=\"attachment-medium size-medium wp-image-10845\" alt=\"Poke Bowl\" srcset=\"https:\/\/escamilla.es\/wp-content\/uploads\/2018\/05\/post-escamilla-comer-aceitunas-mola-400x262.jpg 400w, https:\/\/escamilla.es\/wp-content\/uploads\/2018\/05\/post-escamilla-comer-aceitunas-mola-430x281.jpg 430w, https:\/\/escamilla.es\/wp-content\/uploads\/2018\/05\/post-escamilla-comer-aceitunas-mola-150x98.jpg 150w, https:\/\/escamilla.es\/wp-content\/uploads\/2018\/05\/post-escamilla-comer-aceitunas-mola.jpg 570w\" sizes=\"(max-width: 400px) 100vw, 400px\" \/><\/div>\n\t\t<\/a>\n\t\t\t\t<div class=\"elementor-post__text\">\n\t\t\t\t<h3 class=\"elementor-post__title\">\n\t\t\t<a href=\"https:\/\/escamilla.es\/de\/poke-bowl-de-aceitunas-con-anchoa\/\" >\n\t\t\t\tSCHALE MIT OLIVEN UND ANCHOVIS\t\t\t<\/a>\n\t\t<\/h3>\n\t\t\t\t<div class=\"elementor-post__meta-data\">\n\t\t\t\t\t<span class=\"elementor-post-date\">\n\t\t\t12. Juni 2022\t\t<\/span>\n\t\t\t\t<span class=\"elementor-post-avatar\">\n\t\t\tKeine Kommentare\t\t<\/span>\n\t\t\t\t<\/div>\n\t\t\n\t\t<a class=\"elementor-post__read-more\" href=\"https:\/\/escamilla.es\/de\/poke-bowl-de-aceitunas-con-anchoa\/\" aria-label=\"Lesen Sie mehr \u00fcber OLIVES AND ANCHOVY POKE BOWL\" tabindex=\"-1\" >\n\t\t\tMehr lesen \"\t\t<\/a>\n\n\t\t\t\t<\/div>\n\t\t\t\t<\/article>\n\t\t\t\t<article class=\"elementor-post elementor-grid-item post-11486 post type-post status-publish format-standard has-post-thumbnail hentry category-blog category-uncategorized\">\n\t\t\t\t<a class=\"elementor-post__thumbnail__link\" href=\"https:\/\/escamilla.es\/de\/lupins\/\" tabindex=\"-1\" >\n\t\t\t<div class=\"elementor-post__thumbnail\"><img decoding=\"async\" width=\"400\" height=\"266\" src=\"https:\/\/escamilla.es\/wp-content\/uploads\/2022\/04\/especias-400x266.png\" class=\"attachment-medium size-medium wp-image-10327\" alt=\"Aceitunas ali\u00f1adas\" srcset=\"https:\/\/escamilla.es\/wp-content\/uploads\/2022\/04\/especias-400x266.png 400w, https:\/\/escamilla.es\/wp-content\/uploads\/2022\/04\/especias-768x511.png 768w, https:\/\/escamilla.es\/wp-content\/uploads\/2022\/04\/especias-430x286.png 430w, https:\/\/escamilla.es\/wp-content\/uploads\/2022\/04\/especias-700x466.png 700w, https:\/\/escamilla.es\/wp-content\/uploads\/2022\/04\/especias-150x100.png 150w, https:\/\/escamilla.es\/wp-content\/uploads\/2022\/04\/especias.png 800w\" sizes=\"(max-width: 400px) 100vw, 400px\" \/><\/div>\n\t\t<\/a>\n\t\t\t\t<div class=\"elementor-post__text\">\n\t\t\t\t<h3 class=\"elementor-post__title\">\n\t\t\t<a href=\"https:\/\/escamilla.es\/de\/lupins\/\" >\n\t\t\t\tLUPINEN, EINE GESUNDE UND NAHRHAFTE ALTERNATIVE F\u00dcR DEN SNACK ZWISCHENDURCH\t\t\t<\/a>\n\t\t<\/h3>\n\t\t\t\t<div class=\"elementor-post__meta-data\">\n\t\t\t\t\t<span class=\"elementor-post-date\">\n\t\t\t5. Juni 2022\t\t<\/span>\n\t\t\t\t<span class=\"elementor-post-avatar\">\n\t\t\tKeine Kommentare\t\t<\/span>\n\t\t\t\t<\/div>\n\t\t\n\t\t<a class=\"elementor-post__read-more\" href=\"https:\/\/escamilla.es\/de\/lupins\/\" aria-label=\"Lesen Sie mehr \u00fcber LUPINEN, eine gesunde und nahrhafte Alternative f\u00fcr den Snack zwischendurch\" tabindex=\"-1\" >\n\t\t\tMehr lesen \"\t\t<\/a>\n\n\t\t\t\t<\/div>\n\t\t\t\t<\/article>\n\t\t\t\t<article class=\"elementor-post elementor-grid-item post-11438 post type-post status-publish format-standard has-post-thumbnail hentry category-blog category-sin-categorizar\">\n\t\t\t\t<a class=\"elementor-post__thumbnail__link\" href=\"https:\/\/escamilla.es\/de\/aceitunas-alinadas\/\" tabindex=\"-1\" >\n\t\t\t<div class=\"elementor-post__thumbnail\"><img decoding=\"async\" width=\"400\" height=\"266\" src=\"https:\/\/escamilla.es\/wp-content\/uploads\/2022\/04\/especias-400x266.png\" class=\"attachment-medium size-medium wp-image-10326\" alt=\"Aceitunas ali\u00f1adas\" srcset=\"https:\/\/escamilla.es\/wp-content\/uploads\/2022\/04\/especias-400x266.png 400w, https:\/\/escamilla.es\/wp-content\/uploads\/2022\/04\/especias-768x511.png 768w, https:\/\/escamilla.es\/wp-content\/uploads\/2022\/04\/especias-430x286.png 430w, https:\/\/escamilla.es\/wp-content\/uploads\/2022\/04\/especias-700x466.png 700w, https:\/\/escamilla.es\/wp-content\/uploads\/2022\/04\/especias-150x100.png 150w, https:\/\/escamilla.es\/wp-content\/uploads\/2022\/04\/especias.png 800w\" sizes=\"(max-width: 400px) 100vw, 400px\" \/><\/div>\n\t\t<\/a>\n\t\t\t\t<div class=\"elementor-post__text\">\n\t\t\t\t<h3 class=\"elementor-post__title\">\n\t\t\t<a href=\"https:\/\/escamilla.es\/de\/aceitunas-alinadas\/\" >\n\t\t\t\tWie bereitet man Oliven in Oliven\u00f6l zu?\t\t\t<\/a>\n\t\t<\/h3>\n\t\t\t\t<div class=\"elementor-post__meta-data\">\n\t\t\t\t\t<span class=\"elementor-post-date\">\n\t\t\t5. Juni 2022\t\t<\/span>\n\t\t\t\t<span class=\"elementor-post-avatar\">\n\t\t\tKeine Kommentare\t\t<\/span>\n\t\t\t\t<\/div>\n\t\t\n\t\t<a class=\"elementor-post__read-more\" href=\"https:\/\/escamilla.es\/de\/aceitunas-alinadas\/\" aria-label=\"Lesen Sie mehr \u00fcber Wie macht man Oliven in Oliven\u00f6l?\" tabindex=\"-1\" >\n\t\t\tMehr lesen \"\t\t<\/a>\n\n\t\t\t\t<\/div>\n\t\t\t\t<\/article>\n\t\t\t\t<article class=\"elementor-post elementor-grid-item post-11463 post type-post status-publish format-standard has-post-thumbnail hentry category-blog category-sin-categorizar\">\n\t\t\t\t<a class=\"elementor-post__thumbnail__link\" href=\"https:\/\/escamilla.es\/de\/altramuces-una-s-alternativa-del-aperitivo\/\" tabindex=\"-1\" >\n\t\t\t<div class=\"elementor-post__thumbnail\"><img loading=\"lazy\" decoding=\"async\" width=\"400\" height=\"262\" src=\"https:\/\/escamilla.es\/wp-content\/uploads\/2018\/07\/altramuces-blog-escamilla-400x262.jpg\" class=\"attachment-medium size-medium wp-image-10966\" alt=\"altramuces\" srcset=\"https:\/\/escamilla.es\/wp-content\/uploads\/2018\/07\/altramuces-blog-escamilla-400x262.jpg 400w, https:\/\/escamilla.es\/wp-content\/uploads\/2018\/07\/altramuces-blog-escamilla-430x281.jpg 430w, https:\/\/escamilla.es\/wp-content\/uploads\/2018\/07\/altramuces-blog-escamilla-150x98.jpg 150w, https:\/\/escamilla.es\/wp-content\/uploads\/2018\/07\/altramuces-blog-escamilla.jpg 570w\" sizes=\"(max-width: 400px) 100vw, 400px\" \/><\/div>\n\t\t<\/a>\n\t\t\t\t<div class=\"elementor-post__text\">\n\t\t\t\t<h3 class=\"elementor-post__title\">\n\t\t\t<a href=\"https:\/\/escamilla.es\/de\/altramuces-una-s-alternativa-del-aperitivo\/\" >\n\t\t\t\tLUPINEN, EIN ALTERNATIVER APERITIF\t\t\t<\/a>\n\t\t<\/h3>\n\t\t\t\t<div class=\"elementor-post__meta-data\">\n\t\t\t\t\t<span class=\"elementor-post-date\">\n\t\t\t31. Mai 2022\t\t<\/span>\n\t\t\t\t<span class=\"elementor-post-avatar\">\n\t\t\tKeine Kommentare\t\t<\/span>\n\t\t\t\t<\/div>\n\t\t\n\t\t<a class=\"elementor-post__read-more\" href=\"https:\/\/escamilla.es\/de\/altramuces-una-s-alternativa-del-aperitivo\/\" aria-label=\"Lesen Sie mehr \u00fcber ALTRAMUCES, EINE ALTERNATIVE ZUM APPETITIVEN\" tabindex=\"-1\" >\n\t\t\tMehr lesen \"\t\t<\/a>\n\n\t\t\t\t<\/div>\n\t\t\t\t<\/article>\n\t\t\t\t<article class=\"elementor-post elementor-grid-item post-11439 post type-post status-publish format-standard has-post-thumbnail hentry category-blog category-uncategorized\">\n\t\t\t\t<a class=\"elementor-post__thumbnail__link\" href=\"https:\/\/escamilla.es\/de\/sevillian-mancanilla-olives\/\" tabindex=\"-1\" >\n\t\t\t<div class=\"elementor-post__thumbnail\"><img loading=\"lazy\" decoding=\"async\" width=\"400\" height=\"262\" src=\"https:\/\/escamilla.es\/wp-content\/uploads\/2022\/04\/manzanilla-_1_-sinfondo-removebg-preview-400x262.png\" class=\"attachment-medium size-medium wp-image-10285\" alt=\"\" srcset=\"https:\/\/escamilla.es\/wp-content\/uploads\/2022\/04\/manzanilla-_1_-sinfondo-removebg-preview-400x262.png 400w, https:\/\/escamilla.es\/wp-content\/uploads\/2022\/04\/manzanilla-_1_-sinfondo-removebg-preview-430x281.png 430w, https:\/\/escamilla.es\/wp-content\/uploads\/2022\/04\/manzanilla-_1_-sinfondo-removebg-preview-150x98.png 150w, https:\/\/escamilla.es\/wp-content\/uploads\/2022\/04\/manzanilla-_1_-sinfondo-removebg-preview.png 570w\" sizes=\"(max-width: 400px) 100vw, 400px\" \/><\/div>\n\t\t<\/a>\n\t\t\t\t<div class=\"elementor-post__text\">\n\t\t\t\t<h3 class=\"elementor-post__title\">\n\t\t\t<a href=\"https:\/\/escamilla.es\/de\/sevillian-mancanilla-olives\/\" >\n\t\t\t\tSEVILLANISCHE MANZANILLA-OLIVEN\t\t\t<\/a>\n\t\t<\/h3>\n\t\t\t\t<div class=\"elementor-post__meta-data\">\n\t\t\t\t\t<span class=\"elementor-post-date\">\n\t\t\t13. April 2022\t\t<\/span>\n\t\t\t\t<span class=\"elementor-post-avatar\">\n\t\t\tKeine Kommentare\t\t<\/span>\n\t\t\t\t<\/div>\n\t\t\n\t\t<a class=\"elementor-post__read-more\" href=\"https:\/\/escamilla.es\/de\/sevillian-mancanilla-olives\/\" aria-label=\"Lesen Sie mehr \u00fcber SEVILLIAN MANZANILLA OLIVES\" tabindex=\"-1\" >\n\t\t\tMehr lesen \"\t\t<\/a>\n\n\t\t\t\t<\/div>\n\t\t\t\t<\/article>\n\t\t\t\t<article class=\"elementor-post elementor-grid-item post-11432 post type-post status-publish format-standard has-post-thumbnail hentry category-blog category-sin-categorizar\">\n\t\t\t\t<a class=\"elementor-post__thumbnail__link\" href=\"https:\/\/escamilla.es\/de\/aceitunas-manzanilla-sevilla\/\" tabindex=\"-1\" >\n\t\t\t<div class=\"elementor-post__thumbnail\"><img loading=\"lazy\" decoding=\"async\" width=\"400\" height=\"262\" src=\"https:\/\/escamilla.es\/wp-content\/uploads\/2022\/04\/manzanilla-_1_-sinfondo-removebg-preview-400x262.png\" class=\"attachment-medium size-medium wp-image-10284\" alt=\"\" srcset=\"https:\/\/escamilla.es\/wp-content\/uploads\/2022\/04\/manzanilla-_1_-sinfondo-removebg-preview-400x262.png 400w, https:\/\/escamilla.es\/wp-content\/uploads\/2022\/04\/manzanilla-_1_-sinfondo-removebg-preview-430x281.png 430w, https:\/\/escamilla.es\/wp-content\/uploads\/2022\/04\/manzanilla-_1_-sinfondo-removebg-preview-150x98.png 150w, https:\/\/escamilla.es\/wp-content\/uploads\/2022\/04\/manzanilla-_1_-sinfondo-removebg-preview.png 570w\" sizes=\"(max-width: 400px) 100vw, 400px\" \/><\/div>\n\t\t<\/a>\n\t\t\t\t<div class=\"elementor-post__text\">\n\t\t\t\t<h3 class=\"elementor-post__title\">\n\t\t\t<a href=\"https:\/\/escamilla.es\/de\/aceitunas-manzanilla-sevilla\/\" >\n\t\t\t\tMANZANILLA SEVILLANA-OLIVEN\t\t\t<\/a>\n\t\t<\/h3>\n\t\t\t\t<div class=\"elementor-post__meta-data\">\n\t\t\t\t\t<span class=\"elementor-post-date\">\n\t\t\t13. April 2022\t\t<\/span>\n\t\t\t\t<span class=\"elementor-post-avatar\">\n\t\t\tKeine Kommentare\t\t<\/span>\n\t\t\t\t<\/div>\n\t\t\n\t\t<a class=\"elementor-post__read-more\" href=\"https:\/\/escamilla.es\/de\/aceitunas-manzanilla-sevilla\/\" aria-label=\"Lesen Sie mehr \u00fcber SEVILLIAN APRIANILLA OILS\" tabindex=\"-1\" >\n\t\t\tMehr lesen \"\t\t<\/a>\n\n\t\t\t\t<\/div>\n\t\t\t\t<\/article>\n\t\t\t\t<article class=\"elementor-post elementor-grid-item post-11181 post type-post status-publish format-standard has-post-thumbnail hentry category-blog-en\">\n\t\t\t\t<a class=\"elementor-post__thumbnail__link\" href=\"https:\/\/escamilla.es\/de\/olive-consumption-around-the-world-2\/\" tabindex=\"-1\" >\n\t\t\t<div class=\"elementor-post__thumbnail\"><img loading=\"lazy\" decoding=\"async\" width=\"400\" height=\"208\" src=\"https:\/\/escamilla.es\/wp-content\/uploads\/2018\/07\/slider-2-400x208.jpg\" class=\"attachment-medium size-medium wp-image-10469\" alt=\"\" srcset=\"https:\/\/escamilla.es\/wp-content\/uploads\/2018\/07\/slider-2-400x208.jpg 400w, https:\/\/escamilla.es\/wp-content\/uploads\/2018\/07\/slider-2-430x224.jpg 430w, https:\/\/escamilla.es\/wp-content\/uploads\/2018\/07\/slider-2-150x78.jpg 150w, https:\/\/escamilla.es\/wp-content\/uploads\/2018\/07\/slider-2.jpg 480w\" sizes=\"(max-width: 400px) 100vw, 400px\" \/><\/div>\n\t\t<\/a>\n\t\t\t\t<div class=\"elementor-post__text\">\n\t\t\t\t<h3 class=\"elementor-post__title\">\n\t\t\t<a href=\"https:\/\/escamilla.es\/de\/olive-consumption-around-the-world-2\/\" >\n\t\t\t\tDER WELTWEITE OLIVENVERBRAUCH\t\t\t<\/a>\n\t\t<\/h3>\n\t\t\t\t<div class=\"elementor-post__meta-data\">\n\t\t\t\t\t<span class=\"elementor-post-date\">\n\t\t\t18. August 2021\t\t<\/span>\n\t\t\t\t<span class=\"elementor-post-avatar\">\n\t\t\tKeine Kommentare\t\t<\/span>\n\t\t\t\t<\/div>\n\t\t\n\t\t<a class=\"elementor-post__read-more\" href=\"https:\/\/escamilla.es\/de\/olive-consumption-around-the-world-2\/\" aria-label=\"Lesen Sie mehr \u00fcber den weltweiten Verbrauch von Oliven\" tabindex=\"-1\" >\n\t\t\tMehr lesen \"\t\t<\/a>\n\n\t\t\t\t<\/div>\n\t\t\t\t<\/article>\n\t\t\t\t<article class=\"elementor-post elementor-grid-item post-10468 post type-post status-publish format-standard has-post-thumbnail hentry category-blog category-sin-categorizar\">\n\t\t\t\t<a class=\"elementor-post__thumbnail__link\" href=\"https:\/\/escamilla.es\/de\/el-consumo-de-aceitunas-alrededor-del-mundo\/\" tabindex=\"-1\" >\n\t\t\t<div class=\"elementor-post__thumbnail\"><img loading=\"lazy\" decoding=\"async\" width=\"400\" height=\"208\" src=\"https:\/\/escamilla.es\/wp-content\/uploads\/2018\/07\/slider-2-400x208.jpg\" class=\"attachment-medium size-medium wp-image-10469\" alt=\"\" srcset=\"https:\/\/escamilla.es\/wp-content\/uploads\/2018\/07\/slider-2-400x208.jpg 400w, https:\/\/escamilla.es\/wp-content\/uploads\/2018\/07\/slider-2-430x224.jpg 430w, https:\/\/escamilla.es\/wp-content\/uploads\/2018\/07\/slider-2-150x78.jpg 150w, https:\/\/escamilla.es\/wp-content\/uploads\/2018\/07\/slider-2.jpg 480w\" sizes=\"(max-width: 400px) 100vw, 400px\" \/><\/div>\n\t\t<\/a>\n\t\t\t\t<div class=\"elementor-post__text\">\n\t\t\t\t<h3 class=\"elementor-post__title\">\n\t\t\t<a href=\"https:\/\/escamilla.es\/de\/el-consumo-de-aceitunas-alrededor-del-mundo\/\" >\n\t\t\t\tOlivenverbrauch in der Welt\t\t\t<\/a>\n\t\t<\/h3>\n\t\t\t\t<div class=\"elementor-post__meta-data\">\n\t\t\t\t\t<span class=\"elementor-post-date\">\n\t\t\t18. August 2021\t\t<\/span>\n\t\t\t\t<span class=\"elementor-post-avatar\">\n\t\t\tKeine Kommentare\t\t<\/span>\n\t\t\t\t<\/div>\n\t\t\n\t\t<a class=\"elementor-post__read-more\" href=\"https:\/\/escamilla.es\/de\/el-consumo-de-aceitunas-alrededor-del-mundo\/\" aria-label=\"Lesen Sie mehr \u00fcber den Verbrauch von Oliven in der ganzen Welt\" tabindex=\"-1\" >\n\t\t\tMehr lesen \"\t\t<\/a>\n\n\t\t\t\t<\/div>\n\t\t\t\t<\/article>\n\t\t\t\t<article class=\"elementor-post elementor-grid-item post-11152 post type-post status-publish format-standard has-post-thumbnail hentry category-blog-en\">\n\t\t\t\t<a class=\"elementor-post__thumbnail__link\" href=\"https:\/\/escamilla.es\/de\/5-curiosities-about-olives\/\" tabindex=\"-1\" >\n\t\t\t<div class=\"elementor-post__thumbnail\"><img loading=\"lazy\" decoding=\"async\" width=\"400\" height=\"262\" src=\"https:\/\/escamilla.es\/wp-content\/uploads\/2018\/07\/Aceitunas-Escamilla-400x262.jpg\" class=\"attachment-medium size-medium wp-image-10474\" alt=\"\" srcset=\"https:\/\/escamilla.es\/wp-content\/uploads\/2018\/07\/Aceitunas-Escamilla-400x262.jpg 400w, https:\/\/escamilla.es\/wp-content\/uploads\/2018\/07\/Aceitunas-Escamilla-430x281.jpg 430w, https:\/\/escamilla.es\/wp-content\/uploads\/2018\/07\/Aceitunas-Escamilla-150x98.jpg 150w, https:\/\/escamilla.es\/wp-content\/uploads\/2018\/07\/Aceitunas-Escamilla.jpg 570w\" sizes=\"(max-width: 400px) 100vw, 400px\" \/><\/div>\n\t\t<\/a>\n\t\t\t\t<div class=\"elementor-post__text\">\n\t\t\t\t<h3 class=\"elementor-post__title\">\n\t\t\t<a href=\"https:\/\/escamilla.es\/de\/5-curiosities-about-olives\/\" >\n\t\t\t\t5 KURIOSIT\u00c4TEN RUND UM DIE OLIVE\t\t\t<\/a>\n\t\t<\/h3>\n\t\t\t\t<div class=\"elementor-post__meta-data\">\n\t\t\t\t\t<span class=\"elementor-post-date\">\n\t\t\t17. August 2021\t\t<\/span>\n\t\t\t\t<span class=\"elementor-post-avatar\">\n\t\t\tKeine Kommentare\t\t<\/span>\n\t\t\t\t<\/div>\n\t\t\n\t\t<a class=\"elementor-post__read-more\" href=\"https:\/\/escamilla.es\/de\/5-curiosities-about-olives\/\" aria-label=\"Lesen Sie mehr \u00fcber 5 KURIOSIT\u00c4TEN \u00dcBER OLIVEN\" tabindex=\"-1\" >\n\t\t\tMehr lesen \"\t\t<\/a>\n\n\t\t\t\t<\/div>\n\t\t\t\t<\/article>\n\t\t\t\t<\/div>\n\t\t\n\t\t\t\t<div class=\"e-load-more-anchor\" data-page=\"1\" data-max-page=\"9\" data-next-page=\"https:\/\/escamilla.es\/de\/wp-json\/wp\/v2\/pages\/11005\/page\/2\/\"><\/div>\n\t\t\t\t<nav class=\"elementor-pagination\" aria-label=\"Paginierung\">\n\t\t\t<span class=\"page-numbers prev\">\"Vorherige<\/span>\n<span aria-current=\"page\" class=\"page-numbers current\"><span class=\"elementor-screen-only\">Seite<\/span>1<\/span>\n<a class=\"page-numbers\" href=\"https:\/\/escamilla.es\/de\/wp-json\/wp\/v2\/pages\/11005\/page\/2\/\"><span class=\"elementor-screen-only\">Seite<\/span>2<\/a>\n<a class=\"page-numbers\" href=\"https:\/\/escamilla.es\/de\/wp-json\/wp\/v2\/pages\/11005\/page\/3\/\"><span class=\"elementor-screen-only\">Seite<\/span>3<\/a>\n<a class=\"page-numbers\" href=\"https:\/\/escamilla.es\/de\/wp-json\/wp\/v2\/pages\/11005\/page\/4\/\"><span class=\"elementor-screen-only\">Seite<\/span>4<\/a>\n<a class=\"page-numbers\" href=\"https:\/\/escamilla.es\/de\/wp-json\/wp\/v2\/pages\/11005\/page\/5\/\"><span class=\"elementor-screen-only\">Seite<\/span>5<\/a>\n<a class=\"page-numbers next\" href=\"https:\/\/escamilla.es\/de\/wp-json\/wp\/v2\/pages\/11005\/page\/2\/\">N\u00e4chste \"<\/a>\t\t<\/nav>\n\t\t\t\t<\/div>\n\t\t\t\t<\/div>\n\t\t\t\t\t<\/div>\n\t\t<\/div>\n\t\t\t\t\t<\/div>\n\t\t<\/section>\n\t\t\t\t<\/div>","protected":false},"excerpt":{"rendered":"","protected":false},"author":1,"featured_media":0,"parent":0,"menu_order":0,"comment_status":"closed","ping_status":"closed","template":"","meta":{"footnotes":""},"class_list":["post-11005","page","type-page","status-publish","hentry"],"yoast_head":"<!-- This site is optimized with the Yoast SEO plugin v23.4 - https:\/\/yoast.com\/wordpress\/plugins\/seo\/ -->\n<title>Blog - Escamilla<\/title>\n<meta name=\"robots\" content=\"index, follow, max-snippet:-1, max-image-preview:large, max-video-preview:-1\" \/>\n<link rel=\"canonical\" href=\"https:\/\/escamilla.es\/de\/blog\/\" \/>\n<meta property=\"og:locale\" content=\"de_DE\" \/>\n<meta property=\"og:type\" content=\"article\" \/>\n<meta property=\"og:title\" content=\"Blog - Escamilla\" \/>\n<meta property=\"og:url\" content=\"https:\/\/escamilla.es\/de\/blog\/\" \/>\n<meta property=\"og:site_name\" content=\"Escamilla\" \/>\n<meta property=\"article:modified_time\" content=\"2022-05-20T06:48:43+00:00\" \/>\n<meta name=\"twitter:card\" content=\"summary_large_image\" \/>\n<script type=\"application\/ld+json\" class=\"yoast-schema-graph\">{\"@context\":\"https:\/\/schema.org\",\"@graph\":[{\"@type\":\"WebPage\",\"@id\":\"https:\/\/escamilla.es\/en\/blog\/\",\"url\":\"https:\/\/escamilla.es\/en\/blog\/\",\"name\":\"Blog - Escamilla\",\"isPartOf\":{\"@id\":\"https:\/\/escamilla.es\/es_es\/#website\"},\"datePublished\":\"2022-05-18T05:46:30+00:00\",\"dateModified\":\"2022-05-20T06:48:43+00:00\",\"breadcrumb\":{\"@id\":\"https:\/\/escamilla.es\/en\/blog\/#breadcrumb\"},\"inLanguage\":\"de\",\"potentialAction\":[{\"@type\":\"ReadAction\",\"target\":[\"https:\/\/escamilla.es\/en\/blog\/\"]}]},{\"@type\":\"BreadcrumbList\",\"@id\":\"https:\/\/escamilla.es\/en\/blog\/#breadcrumb\",\"itemListElement\":[{\"@type\":\"ListItem\",\"position\":1,\"name\":\"Portada\",\"item\":\"https:\/\/escamilla.es\/es_es\/\"},{\"@type\":\"ListItem\",\"position\":2,\"name\":\"Blog\"}]},{\"@type\":\"WebSite\",\"@id\":\"https:\/\/escamilla.es\/es_es\/#website\",\"url\":\"https:\/\/escamilla.es\/es_es\/\",\"name\":\"Escamilla\",\"description\":\"\",\"publisher\":{\"@id\":\"https:\/\/escamilla.es\/es_es\/#organization\"},\"potentialAction\":[{\"@type\":\"SearchAction\",\"target\":{\"@type\":\"EntryPoint\",\"urlTemplate\":\"https:\/\/escamilla.es\/es_es\/?s={search_term_string}\"},\"query-input\":{\"@type\":\"PropertyValueSpecification\",\"valueRequired\":true,\"valueName\":\"search_term_string\"}}],\"inLanguage\":\"de\"},{\"@type\":\"Organization\",\"@id\":\"https:\/\/escamilla.es\/es_es\/#organization\",\"name\":\"Escamilla\",\"url\":\"https:\/\/escamilla.es\/es_es\/\",\"logo\":{\"@type\":\"ImageObject\",\"inLanguage\":\"de\",\"@id\":\"https:\/\/escamilla.es\/es_es\/#\/schema\/logo\/image\/\",\"url\":\"https:\/\/escamilla.es\/wp-content\/uploads\/2022\/03\/admin-ajax.jpg\",\"contentUrl\":\"https:\/\/escamilla.es\/wp-content\/uploads\/2022\/03\/admin-ajax.jpg\",\"width\":100,\"height\":26,\"caption\":\"Escamilla\"},\"image\":{\"@id\":\"https:\/\/escamilla.es\/es_es\/#\/schema\/logo\/image\/\"}}]}<\/script>\n<!-- \/ Yoast SEO plugin. -->","yoast_head_json":{"title":"Blog - Escamilla","robots":{"index":"index","follow":"follow","max-snippet":"max-snippet:-1","max-image-preview":"max-image-preview:large","max-video-preview":"max-video-preview:-1"},"canonical":"https:\/\/escamilla.es\/de\/blog\/","og_locale":"de_DE","og_type":"article","og_title":"Blog - Escamilla","og_url":"https:\/\/escamilla.es\/de\/blog\/","og_site_name":"Escamilla","article_modified_time":"2022-05-20T06:48:43+00:00","twitter_card":"summary_large_image","schema":{"@context":"https:\/\/schema.org","@graph":[{"@type":"WebPage","@id":"https:\/\/escamilla.es\/en\/blog\/","url":"https:\/\/escamilla.es\/en\/blog\/","name":"Blog - Escamilla","isPartOf":{"@id":"https:\/\/escamilla.es\/es_es\/#website"},"datePublished":"2022-05-18T05:46:30+00:00","dateModified":"2022-05-20T06:48:43+00:00","breadcrumb":{"@id":"https:\/\/escamilla.es\/en\/blog\/#breadcrumb"},"inLanguage":"de","potentialAction":[{"@type":"ReadAction","target":["https:\/\/escamilla.es\/en\/blog\/"]}]},{"@type":"BreadcrumbList","@id":"https:\/\/escamilla.es\/en\/blog\/#breadcrumb","itemListElement":[{"@type":"ListItem","position":1,"name":"Portada","item":"https:\/\/escamilla.es\/es_es\/"},{"@type":"ListItem","position":2,"name":"Blog"}]},{"@type":"WebSite","@id":"https:\/\/escamilla.es\/es_es\/#website","url":"https:\/\/escamilla.es\/es_es\/","name":"Escamilla","description":"","publisher":{"@id":"https:\/\/escamilla.es\/es_es\/#organization"},"potentialAction":[{"@type":"SearchAction","target":{"@type":"EntryPoint","urlTemplate":"https:\/\/escamilla.es\/es_es\/?s={search_term_string}"},"query-input":{"@type":"PropertyValueSpecification","valueRequired":true,"valueName":"search_term_string"}}],"inLanguage":"de"},{"@type":"Organization","@id":"https:\/\/escamilla.es\/es_es\/#organization","name":"Escamilla","url":"https:\/\/escamilla.es\/es_es\/","logo":{"@type":"ImageObject","inLanguage":"de","@id":"https:\/\/escamilla.es\/es_es\/#\/schema\/logo\/image\/","url":"https:\/\/escamilla.es\/wp-content\/uploads\/2022\/03\/admin-ajax.jpg","contentUrl":"https:\/\/escamilla.es\/wp-content\/uploads\/2022\/03\/admin-ajax.jpg","width":100,"height":26,"caption":"Escamilla"},"image":{"@id":"https:\/\/escamilla.es\/es_es\/#\/schema\/logo\/image\/"}}]}},"_links":{"self":[{"href":"https:\/\/escamilla.es\/de\/wp-json\/wp\/v2\/pages\/11005","targetHints":{"allow":["GET"]}}],"collection":[{"href":"https:\/\/escamilla.es\/de\/wp-json\/wp\/v2\/pages"}],"about":[{"href":"https:\/\/escamilla.es\/de\/wp-json\/wp\/v2\/types\/page"}],"author":[{"embeddable":true,"href":"https:\/\/escamilla.es\/de\/wp-json\/wp\/v2\/users\/1"}],"replies":[{"embeddable":true,"href":"https:\/\/escamilla.es\/de\/wp-json\/wp\/v2\/comments?post=11005"}],"version-history":[{"count":10,"href":"https:\/\/escamilla.es\/de\/wp-json\/wp\/v2\/pages\/11005\/revisions"}],"predecessor-version":[{"id":11220,"href":"https:\/\/escamilla.es\/de\/wp-json\/wp\/v2\/pages\/11005\/revisions\/11220"}],"wp:attachment":[{"href":"https:\/\/escamilla.es\/de\/wp-json\/wp\/v2\/media?parent=11005"}],"curies":[{"name":"wp","href":"https:\/\/api.w.org\/{rel}","templated":true}]}}