{"id":11062,"date":"2022-05-19T05:43:31","date_gmt":"2022-05-19T05:43:31","guid":{"rendered":"https:\/\/tienda.escamilla.es\/?page_id=11062"},"modified":"2024-03-03T10:21:41","modified_gmt":"2024-03-03T08:21:41","slug":"calidad-2","status":"publish","type":"page","link":"https:\/\/escamilla.es\/es_es\/calidad-2\/","title":{"rendered":"Calidad"},"content":{"rendered":"\t\t<div data-elementor-type=\"wp-page\" data-elementor-id=\"11062\" class=\"elementor elementor-11062\" data-elementor-post-type=\"page\">\n\t\t\t\t\t\t<section class=\"elementor-section elementor-top-section elementor-element elementor-element-73b48b0 elementor-section-stretched elementor-section-boxed elementor-section-height-default elementor-section-height-default wd-section-disabled\" data-id=\"73b48b0\" data-element_type=\"section\" data-settings=\"{&quot;stretch_section&quot;:&quot;section-stretched&quot;}\">\n\t\t\t\t\t\t<div class=\"elementor-container elementor-column-gap-default\">\n\t\t\t\t\t<div class=\"elementor-column elementor-col-100 elementor-top-column elementor-element elementor-element-cca2ae6\" data-id=\"cca2ae6\" data-element_type=\"column\">\n\t\t\t<div class=\"elementor-widget-wrap elementor-element-populated\">\n\t\t\t\t\t\t<div class=\"elementor-element elementor-element-846bd72 color-scheme-inherit text-left elementor-widget elementor-widget-text-editor\" data-id=\"846bd72\" data-element_type=\"widget\" data-widget_type=\"text-editor.default\">\n\t\t\t\t<div class=\"elementor-widget-container\">\n\t\t\t\t\t\t\t<p>En <strong>Aceitunas Escamilla<\/strong> desarrollamos todas las actividades de manera que se satisfagan las expectativas y necesidades de nuestros Clientes, <strong>con las m\u00e1ximas garant\u00edas en calidad, gesti\u00f3n medio-ambiental y prevenci\u00f3n de riesgos laborales.<\/strong> Por ello seguimos una estricta pol\u00edtica de calidad desde el campo al envasado que nos permite la trazabilidad del producto.<\/p><p>De igual forma esta <strong>Pol\u00edtica de Calidad de nuestra empresa<\/strong> nos marca la necesidad de efectuar controles y an\u00e1lisis peri\u00f3dicos de todas nuestras producciones para determinar los defectos y materias extra\u00f1as en las aceitunas. Atendiendo a las categor\u00edas establecidas, no solamente no se sobrepasan los l\u00edmites establecidos, sino que brindamos a nuestros clientes una aceituna de mesa exquisita y de caracter\u00edsticas sobresalientes.<\/p>\t\t\t\t\t\t<\/div>\n\t\t\t\t<\/div>\n\t\t\t\t\t<\/div>\n\t\t<\/div>\n\t\t\t\t\t<\/div>\n\t\t<\/section>\n\t\t\t\t<section class=\"elementor-section elementor-top-section elementor-element elementor-element-53880c6 elementor-section-stretched elementor-section-boxed elementor-section-height-default elementor-section-height-default wd-section-disabled\" data-id=\"53880c6\" data-element_type=\"section\" data-settings=\"{&quot;stretch_section&quot;:&quot;section-stretched&quot;}\">\n\t\t\t\t\t\t<div class=\"elementor-container elementor-column-gap-default\">\n\t\t\t\t\t<div class=\"elementor-column elementor-col-33 elementor-top-column elementor-element elementor-element-854c146\" data-id=\"854c146\" data-element_type=\"column\">\n\t\t\t<div class=\"elementor-widget-wrap elementor-element-populated\">\n\t\t\t\t\t\t<div class=\"elementor-element elementor-element-31276a5 elementor-widget elementor-widget-image\" data-id=\"31276a5\" data-element_type=\"widget\" data-widget_type=\"image.default\">\n\t\t\t\t<div class=\"elementor-widget-container\">\n\t\t\t\t\t\t\t\t\t\t\t\t\t<img fetchpriority=\"high\" decoding=\"async\" width=\"530\" height=\"974\" src=\"https:\/\/escamilla.es\/wp-content\/uploads\/2024\/03\/image003.jpg\" class=\"attachment-full size-full wp-image-12383\" alt=\"\" srcset=\"https:\/\/escamilla.es\/wp-content\/uploads\/2024\/03\/image003.jpg 530w, https:\/\/escamilla.es\/wp-content\/uploads\/2024\/03\/image003-163x300.jpg 163w, https:\/\/escamilla.es\/wp-content\/uploads\/2024\/03\/image003-435x800.jpg 435w, https:\/\/escamilla.es\/wp-content\/uploads\/2024\/03\/image003-7x12.jpg 7w\" sizes=\"(max-width: 530px) 100vw, 530px\" \/>\t\t\t\t\t\t\t\t\t\t\t\t\t<\/div>\n\t\t\t\t<\/div>\n\t\t\t\t\t<\/div>\n\t\t<\/div>\n\t\t\t\t<div class=\"elementor-column elementor-col-33 elementor-top-column elementor-element elementor-element-18d6ea3\" data-id=\"18d6ea3\" data-element_type=\"column\">\n\t\t\t<div class=\"elementor-widget-wrap elementor-element-populated\">\n\t\t\t\t\t\t<div class=\"elementor-element elementor-element-65cb948 elementor-mobile-align-center elementor-widget__width-auto elementor-widget elementor-widget-button\" data-id=\"65cb948\" data-element_type=\"widget\" data-widget_type=\"button.default\">\n\t\t\t\t<div class=\"elementor-widget-container\">\n\t\t\t\t\t<div class=\"elementor-button-wrapper\">\n\t\t\t<a class=\"elementor-button elementor-button-link elementor-size-sm elementor-animation-grow\" href=\"https:\/\/escamilla.es\/wp-content\/uploads\/2024\/03\/Escamilla_calidad_rev6.pdf\" target=\"_blank\">\n\t\t\t\t\t\t<span class=\"elementor-button-content-wrapper\">\n\t\t\t\t\t\t\t\t\t<span class=\"elementor-button-text\">Pol\u00edtica de Calidad<\/span>\n\t\t\t\t\t<\/span>\n\t\t\t\t\t<\/a>\n\t\t<\/div>\n\t\t\t\t<\/div>\n\t\t\t\t<\/div>\n\t\t\t\t\t<\/div>\n\t\t<\/div>\n\t\t\t\t<div class=\"elementor-column elementor-col-33 elementor-top-column elementor-element elementor-element-844a44a\" data-id=\"844a44a\" data-element_type=\"column\">\n\t\t\t<div class=\"elementor-widget-wrap elementor-element-populated\">\n\t\t\t\t\t\t<div class=\"elementor-element elementor-element-7832d44 elementor-widget elementor-widget-image\" data-id=\"7832d44\" data-element_type=\"widget\" data-widget_type=\"image.default\">\n\t\t\t\t<div class=\"elementor-widget-container\">\n\t\t\t\t\t\t\t\t\t\t\t\t\t<img decoding=\"async\" width=\"579\" height=\"343\" src=\"https:\/\/escamilla.es\/wp-content\/uploads\/2024\/03\/image001.jpg\" class=\"attachment-full size-full wp-image-12382\" alt=\"\" srcset=\"https:\/\/escamilla.es\/wp-content\/uploads\/2024\/03\/image001.jpg 579w, https:\/\/escamilla.es\/wp-content\/uploads\/2024\/03\/image001-400x237.jpg 400w, https:\/\/escamilla.es\/wp-content\/uploads\/2024\/03\/image001-18x12.jpg 18w\" sizes=\"(max-width: 579px) 100vw, 579px\" \/>\t\t\t\t\t\t\t\t\t\t\t\t\t<\/div>\n\t\t\t\t<\/div>\n\t\t\t\t\t<\/div>\n\t\t<\/div>\n\t\t\t\t\t<\/div>\n\t\t<\/section>\n\t\t\t\t<\/div>\n\t\t","protected":false},"excerpt":{"rendered":"<p>En Aceitunas Escamilla desarrollamos todas las actividades de manera que se satisfagan las expectativas y necesidades de nuestros Clientes, con<\/p>\n","protected":false},"author":1,"featured_media":0,"parent":0,"menu_order":0,"comment_status":"closed","ping_status":"closed","template":"","meta":{"footnotes":""},"class_list":["post-11062","page","type-page","status-publish","hentry"],"yoast_head":"<!-- This site is optimized with the Yoast SEO plugin v23.4 - https:\/\/yoast.com\/wordpress\/plugins\/seo\/ -->\n<title>Calidad - Escamilla<\/title>\n<meta name=\"robots\" content=\"index, follow, max-snippet:-1, max-image-preview:large, max-video-preview:-1\" \/>\n<link rel=\"canonical\" href=\"https:\/\/escamilla.es\/es_es\/calidad-2\/\" \/>\n<meta property=\"og:locale\" content=\"es_ES\" \/>\n<meta property=\"og:type\" content=\"article\" \/>\n<meta property=\"og:title\" content=\"Calidad - Escamilla\" \/>\n<meta property=\"og:description\" content=\"En Aceitunas Escamilla desarrollamos todas las actividades de manera que se satisfagan las expectativas y necesidades de nuestros Clientes, con\" \/>\n<meta property=\"og:url\" content=\"https:\/\/escamilla.es\/es_es\/calidad-2\/\" \/>\n<meta property=\"og:site_name\" content=\"Escamilla\" \/>\n<meta property=\"article:modified_time\" content=\"2024-03-03T08:21:41+00:00\" \/>\n<meta property=\"og:image\" content=\"https:\/\/escamilla.es\/wp-content\/uploads\/2024\/03\/image003.jpg\" \/>\n<meta name=\"twitter:card\" content=\"summary_large_image\" \/>\n<meta name=\"twitter:label1\" content=\"Tiempo de lectura\" \/>\n\t<meta name=\"twitter:data1\" content=\"1 minuto\" \/>\n<script type=\"application\/ld+json\" class=\"yoast-schema-graph\">{\"@context\":\"https:\/\/schema.org\",\"@graph\":[{\"@type\":\"WebPage\",\"@id\":\"https:\/\/escamilla.es\/calidad-2\/\",\"url\":\"https:\/\/escamilla.es\/calidad-2\/\",\"name\":\"Calidad - Escamilla\",\"isPartOf\":{\"@id\":\"https:\/\/escamilla.es\/es_es\/#website\"},\"primaryImageOfPage\":{\"@id\":\"https:\/\/escamilla.es\/calidad-2\/#primaryimage\"},\"image\":{\"@id\":\"https:\/\/escamilla.es\/calidad-2\/#primaryimage\"},\"thumbnailUrl\":\"https:\/\/escamilla.es\/wp-content\/uploads\/2024\/03\/image003.jpg\",\"datePublished\":\"2022-05-19T05:43:31+00:00\",\"dateModified\":\"2024-03-03T08:21:41+00:00\",\"breadcrumb\":{\"@id\":\"https:\/\/escamilla.es\/calidad-2\/#breadcrumb\"},\"inLanguage\":\"es\",\"potentialAction\":[{\"@type\":\"ReadAction\",\"target\":[\"https:\/\/escamilla.es\/calidad-2\/\"]}]},{\"@type\":\"ImageObject\",\"inLanguage\":\"es\",\"@id\":\"https:\/\/escamilla.es\/calidad-2\/#primaryimage\",\"url\":\"https:\/\/escamilla.es\/wp-content\/uploads\/2024\/03\/image003.jpg\",\"contentUrl\":\"https:\/\/escamilla.es\/wp-content\/uploads\/2024\/03\/image003.jpg\"},{\"@type\":\"BreadcrumbList\",\"@id\":\"https:\/\/escamilla.es\/calidad-2\/#breadcrumb\",\"itemListElement\":[{\"@type\":\"ListItem\",\"position\":1,\"name\":\"Portada\",\"item\":\"https:\/\/escamilla.es\/es_es\/\"},{\"@type\":\"ListItem\",\"position\":2,\"name\":\"Calidad\"}]},{\"@type\":\"WebSite\",\"@id\":\"https:\/\/escamilla.es\/es_es\/#website\",\"url\":\"https:\/\/escamilla.es\/es_es\/\",\"name\":\"Escamilla\",\"description\":\"\",\"publisher\":{\"@id\":\"https:\/\/escamilla.es\/es_es\/#organization\"},\"potentialAction\":[{\"@type\":\"SearchAction\",\"target\":{\"@type\":\"EntryPoint\",\"urlTemplate\":\"https:\/\/escamilla.es\/es_es\/?s={search_term_string}\"},\"query-input\":{\"@type\":\"PropertyValueSpecification\",\"valueRequired\":true,\"valueName\":\"search_term_string\"}}],\"inLanguage\":\"es\"},{\"@type\":\"Organization\",\"@id\":\"https:\/\/escamilla.es\/es_es\/#organization\",\"name\":\"Escamilla\",\"url\":\"https:\/\/escamilla.es\/es_es\/\",\"logo\":{\"@type\":\"ImageObject\",\"inLanguage\":\"es\",\"@id\":\"https:\/\/escamilla.es\/es_es\/#\/schema\/logo\/image\/\",\"url\":\"https:\/\/escamilla.es\/wp-content\/uploads\/2022\/03\/admin-ajax.jpg\",\"contentUrl\":\"https:\/\/escamilla.es\/wp-content\/uploads\/2022\/03\/admin-ajax.jpg\",\"width\":100,\"height\":26,\"caption\":\"Escamilla\"},\"image\":{\"@id\":\"https:\/\/escamilla.es\/es_es\/#\/schema\/logo\/image\/\"}}]}<\/script>\n<!-- \/ Yoast SEO plugin. -->","yoast_head_json":{"title":"Calidad - Escamilla","robots":{"index":"index","follow":"follow","max-snippet":"max-snippet:-1","max-image-preview":"max-image-preview:large","max-video-preview":"max-video-preview:-1"},"canonical":"https:\/\/escamilla.es\/es_es\/calidad-2\/","og_locale":"es_ES","og_type":"article","og_title":"Calidad - Escamilla","og_description":"En Aceitunas Escamilla desarrollamos todas las actividades de manera que se satisfagan las expectativas y necesidades de nuestros Clientes, con","og_url":"https:\/\/escamilla.es\/es_es\/calidad-2\/","og_site_name":"Escamilla","article_modified_time":"2024-03-03T08:21:41+00:00","og_image":[{"url":"https:\/\/escamilla.es\/wp-content\/uploads\/2024\/03\/image003.jpg"}],"twitter_card":"summary_large_image","twitter_misc":{"Tiempo de lectura":"1 minuto"},"schema":{"@context":"https:\/\/schema.org","@graph":[{"@type":"WebPage","@id":"https:\/\/escamilla.es\/calidad-2\/","url":"https:\/\/escamilla.es\/calidad-2\/","name":"Calidad - Escamilla","isPartOf":{"@id":"https:\/\/escamilla.es\/es_es\/#website"},"primaryImageOfPage":{"@id":"https:\/\/escamilla.es\/calidad-2\/#primaryimage"},"image":{"@id":"https:\/\/escamilla.es\/calidad-2\/#primaryimage"},"thumbnailUrl":"https:\/\/escamilla.es\/wp-content\/uploads\/2024\/03\/image003.jpg","datePublished":"2022-05-19T05:43:31+00:00","dateModified":"2024-03-03T08:21:41+00:00","breadcrumb":{"@id":"https:\/\/escamilla.es\/calidad-2\/#breadcrumb"},"inLanguage":"es","potentialAction":[{"@type":"ReadAction","target":["https:\/\/escamilla.es\/calidad-2\/"]}]},{"@type":"ImageObject","inLanguage":"es","@id":"https:\/\/escamilla.es\/calidad-2\/#primaryimage","url":"https:\/\/escamilla.es\/wp-content\/uploads\/2024\/03\/image003.jpg","contentUrl":"https:\/\/escamilla.es\/wp-content\/uploads\/2024\/03\/image003.jpg"},{"@type":"BreadcrumbList","@id":"https:\/\/escamilla.es\/calidad-2\/#breadcrumb","itemListElement":[{"@type":"ListItem","position":1,"name":"Portada","item":"https:\/\/escamilla.es\/es_es\/"},{"@type":"ListItem","position":2,"name":"Calidad"}]},{"@type":"WebSite","@id":"https:\/\/escamilla.es\/es_es\/#website","url":"https:\/\/escamilla.es\/es_es\/","name":"Escamilla","description":"","publisher":{"@id":"https:\/\/escamilla.es\/es_es\/#organization"},"potentialAction":[{"@type":"SearchAction","target":{"@type":"EntryPoint","urlTemplate":"https:\/\/escamilla.es\/es_es\/?s={search_term_string}"},"query-input":{"@type":"PropertyValueSpecification","valueRequired":true,"valueName":"search_term_string"}}],"inLanguage":"es"},{"@type":"Organization","@id":"https:\/\/escamilla.es\/es_es\/#organization","name":"Escamilla","url":"https:\/\/escamilla.es\/es_es\/","logo":{"@type":"ImageObject","inLanguage":"es","@id":"https:\/\/escamilla.es\/es_es\/#\/schema\/logo\/image\/","url":"https:\/\/escamilla.es\/wp-content\/uploads\/2022\/03\/admin-ajax.jpg","contentUrl":"https:\/\/escamilla.es\/wp-content\/uploads\/2022\/03\/admin-ajax.jpg","width":100,"height":26,"caption":"Escamilla"},"image":{"@id":"https:\/\/escamilla.es\/es_es\/#\/schema\/logo\/image\/"}}]}},"_links":{"self":[{"href":"https:\/\/escamilla.es\/es_es\/wp-json\/wp\/v2\/pages\/11062","targetHints":{"allow":["GET"]}}],"collection":[{"href":"https:\/\/escamilla.es\/es_es\/wp-json\/wp\/v2\/pages"}],"about":[{"href":"https:\/\/escamilla.es\/es_es\/wp-json\/wp\/v2\/types\/page"}],"author":[{"embeddable":true,"href":"https:\/\/escamilla.es\/es_es\/wp-json\/wp\/v2\/users\/1"}],"replies":[{"embeddable":true,"href":"https:\/\/escamilla.es\/es_es\/wp-json\/wp\/v2\/comments?post=11062"}],"version-history":[{"count":43,"href":"https:\/\/escamilla.es\/es_es\/wp-json\/wp\/v2\/pages\/11062\/revisions"}],"predecessor-version":[{"id":12389,"href":"https:\/\/escamilla.es\/es_es\/wp-json\/wp\/v2\/pages\/11062\/revisions\/12389"}],"wp:attachment":[{"href":"https:\/\/escamilla.es\/es_es\/wp-json\/wp\/v2\/media?parent=11062"}],"curies":[{"name":"wp","href":"https:\/\/api.w.org\/{rel}","templated":true}]}}