{"id":10255,"date":"2022-04-22T10:25:13","date_gmt":"2022-04-22T10:25:13","guid":{"rendered":"https:\/\/tienda.escamilla.es\/?page_id=10255"},"modified":"2022-05-19T10:15:08","modified_gmt":"2022-05-19T10:15:08","slug":"aceituna-de-mesa-escamilla","status":"publish","type":"page","link":"https:\/\/escamilla.es\/fr\/aceituna-de-mesa-escamilla\/","title":{"rendered":"Olives"},"content":{"rendered":"<div data-elementor-type=\"wp-page\" data-elementor-id=\"10255\" class=\"elementor elementor-10255\" data-elementor-post-type=\"page\">\n\t\t\t\t\t\t<section class=\"elementor-section elementor-top-section elementor-element elementor-element-00ca83b elementor-section-content-middle elementor-section-stretched elementor-section-boxed elementor-section-height-default elementor-section-height-default wd-section-disabled\" data-id=\"00ca83b\" data-element_type=\"section\" data-settings=\"{&quot;stretch_section&quot;:&quot;section-stretched&quot;}\">\n\t\t\t\t\t\t<div class=\"elementor-container elementor-column-gap-extended\">\n\t\t\t\t\t<div class=\"elementor-column elementor-col-100 elementor-top-column elementor-element elementor-element-3d7dbf7\" data-id=\"3d7dbf7\" data-element_type=\"column\">\n\t\t\t<div class=\"elementor-widget-wrap elementor-element-populated\">\n\t\t\t\t\t\t<div class=\"elementor-element elementor-element-d8317e6 elementor-widget elementor-widget-wd_title\" data-id=\"d8317e6\" data-element_type=\"widget\" data-widget_type=\"wd_title.default\">\n\t\t\t\t<div class=\"elementor-widget-container\">\n\t\t\t\t\t\t<link rel=\"stylesheet\" id=\"wd-section-title-css\" href=\"https:\/\/escamilla.es\/wp-content\/themes\/woodmart\/css\/parts\/el-section-title.min.css?ver=6.3.3\" type=\"text\/css\" media=\"all\" \/> \t\t\t\t\t<div class=\"title-wrapper set-mb-s reset-last-child wd-title-color-black wd-title-style-image wd-title-size-extra-large text-left\">\n\n\t\t\t\n\t\t\t<div class=\"liner-continer\">\n\t\t\t\t<h4 class=\"woodmart-title-container title wd-fontsize-xxxl\">LE PROCESSUS<\/h4> \n\t\t\t\t\t\t\t<\/div>\n\n\t\t\t\t\t\t\t<div class=\"title-after_title set-cont-mb-s reset-last-child wd-fontsize-s\">\n\t\t\t\t\t<p>Au<strong>\u00a0Escamilla\u00a0<\/strong>Nous traitons 200 000 kilos d'olives par jour et conditionnons 9 millions de kilos par an. Nous poss\u00e9dons plus de 150 hectares d'oliviers et nos 800 fermenteurs peuvent contenir jusqu'\u00e0 8 millions de kilos.<\/p><p><strong>Comment les olives sont-elles trait\u00e9es ?<\/strong><\/p><p>Apr\u00e8s la r\u00e9colte des fruits, les olives sont nettoy\u00e9es, d\u00e9barrass\u00e9es des branches, des feuilles et des fruits m\u00fbrs, \u00e0 l'aide de machines de triage ultramodernes.<\/p><p>Une fois nettoy\u00e9es, les olives sont trait\u00e9es avec une solution alcaline pour \u00e9liminer leur amertume naturelle. Elles sont ensuite lav\u00e9es et conditionn\u00e9es en saumure pour la fermentation et la conservation.<\/p><p>Une fois ce processus achev\u00e9, elles sont pr\u00eates \u00e0 \u00eatre consomm\u00e9es. Nous avons des olives vertes, des olives de couleur changeante ou violette et des olives noires.<\/p><p><strong>Olives vertes<\/strong>\u00a0sont r\u00e9colt\u00e9es au cours du cycle de maturation, alors qu'elles sont encore immatures, avant la v\u00e9raison et lorsqu'elles ont atteint une taille normale. Les olives sont fermes, saines, r\u00e9sistantes \u00e0 une l\u00e9g\u00e8re pression entre les doigts et ne pr\u00e9sentent pas de taches autres que celles de leur pigmentation naturelle. La coloration du fruit peut varier du vert au jaune paille.<\/p><p><strong>Olives \u00e0 couleur changeante ou olives violettes<\/strong>sont obtenus \u00e0 partir de fruits de couleur rose, rose vineux ou ch\u00e2taigne, qui sont r\u00e9colt\u00e9s avant leur pleine maturit\u00e9.<\/p><p><strong>Olives noires<\/strong>A l'origine, ils sont verts, mais gr\u00e2ce \u00e0 un processus d'oxydation, ils obtiennent leur couleur et leur saveur caract\u00e9ristiques.<\/p>\t\t\t\t<\/div>\n\t\t\t\t\t<\/div>\n\t\t\t\t<\/div>\n\t\t\t\t<\/div>\n\t\t\t\t\t<\/div>\n\t\t<\/div>\n\t\t\t\t\t<\/div>\n\t\t<\/section>\n\t\t\t\t<section class=\"elementor-section elementor-top-section elementor-element elementor-element-ede4b07 elementor-section-content-middle elementor-section-boxed elementor-section-height-default elementor-section-height-default wd-section-disabled\" data-id=\"ede4b07\" data-element_type=\"section\">\n\t\t\t\t\t\t<div class=\"elementor-container elementor-column-gap-extended\">\n\t\t\t\t\t<div class=\"elementor-column elementor-col-50 elementor-top-column elementor-element elementor-element-42f0df3\" data-id=\"42f0df3\" data-element_type=\"column\">\n\t\t\t<div class=\"elementor-widget-wrap elementor-element-populated\">\n\t\t\t\t\t\t<div class=\"elementor-element elementor-element-3694f5b elementor-headline--style-highlight elementor-widget elementor-widget-animated-headline\" data-id=\"3694f5b\" data-element_type=\"widget\" data-settings=\"{&quot;marker&quot;:&quot;underline&quot;,&quot;highlighted_text&quot;:&quot;Variedades&quot;,&quot;headline_style&quot;:&quot;highlight&quot;,&quot;loop&quot;:&quot;yes&quot;,&quot;highlight_animation_duration&quot;:1200,&quot;highlight_iteration_delay&quot;:8000}\" data-widget_type=\"animated-headline.default\">\n\t\t\t\t<div class=\"elementor-widget-container\">\n\t\t\t\t\t\t<a href=\"https:\/\/escamilla.es\/fr\/variedades\/\">\n\n\t\t\t\t\t<p class=\"elementor-headline\">\n\t\t\t\t<span class=\"elementor-headline-dynamic-wrapper elementor-headline-text-wrapper\">\n\t\t\t\t\t<span class=\"elementor-headline-dynamic-text elementor-headline-text-active\">Vari\u00e9t\u00e9s<\/span>\n\t\t\t\t<\/span>\n\t\t\t\t<\/p>\n\t\t<\/a>\t\t<\/div>\n\t\t\t\t<\/div>\n\t\t\t\t\t<\/div>\n\t\t<\/div>\n\t\t\t\t<div class=\"elementor-column elementor-col-50 elementor-top-column elementor-element elementor-element-53568b3\" data-id=\"53568b3\" data-element_type=\"column\">\n\t\t\t<div class=\"elementor-widget-wrap elementor-element-populated\">\n\t\t\t\t\t\t<div class=\"elementor-element elementor-element-df5c746 elementor-headline--style-highlight elementor-widget elementor-widget-animated-headline\" data-id=\"df5c746\" data-element_type=\"widget\" data-settings=\"{&quot;marker&quot;:&quot;underline&quot;,&quot;highlighted_text&quot;:&quot;Ali\\u00f1os y encurtidos&quot;,&quot;headline_style&quot;:&quot;highlight&quot;,&quot;loop&quot;:&quot;yes&quot;,&quot;highlight_animation_duration&quot;:1200,&quot;highlight_iteration_delay&quot;:8000}\" data-widget_type=\"animated-headline.default\">\n\t\t\t\t<div class=\"elementor-widget-container\">\n\t\t\t\t\t\t<a href=\"https:\/\/escamilla.es\/fr\/alinos-y-encurtidos\/\">\n\n\t\t\t\t\t<p class=\"elementor-headline\">\n\t\t\t\t<span class=\"elementor-headline-dynamic-wrapper elementor-headline-text-wrapper\">\n\t\t\t\t\t<span class=\"elementor-headline-dynamic-text elementor-headline-text-active\">Vinaigrettes et cornichons<\/span>\n\t\t\t\t<\/span>\n\t\t\t\t<\/p>\n\t\t<\/a>\t\t<\/div>\n\t\t\t\t<\/div>\n\t\t\t\t\t<\/div>\n\t\t<\/div>\n\t\t\t\t\t<\/div>\n\t\t<\/section>\n\t\t\t\t<section class=\"elementor-section elementor-top-section elementor-element elementor-element-fcb4152 elementor-section-content-middle elementor-section-boxed elementor-section-height-default elementor-section-height-default wd-section-disabled\" data-id=\"fcb4152\" data-element_type=\"section\">\n\t\t\t\t\t\t<div class=\"elementor-container elementor-column-gap-extended\">\n\t\t\t\t\t<div class=\"elementor-column elementor-col-33 elementor-top-column elementor-element elementor-element-f7444a4\" data-id=\"f7444a4\" data-element_type=\"column\">\n\t\t\t<div class=\"elementor-widget-wrap elementor-element-populated\">\n\t\t\t\t\t\t<div class=\"elementor-element elementor-element-7d57ae3 elementor-widget elementor-widget-video\" data-id=\"7d57ae3\" data-element_type=\"widget\" data-settings=\"{&quot;youtube_url&quot;:&quot;https:\\\/\\\/www.youtube.com\\\/watch?v=urDcO3Rdpxk&quot;,&quot;video_type&quot;:&quot;youtube&quot;,&quot;controls&quot;:&quot;yes&quot;}\" data-widget_type=\"video.default\">\n\t\t\t\t<div class=\"elementor-widget-container\">\n\t\t\t\t\t<div class=\"elementor-wrapper elementor-open-inline\">\n\t\t\t<div class=\"elementor-video\"><\/div>\t\t<\/div>\n\t\t\t\t<\/div>\n\t\t\t\t<\/div>\n\t\t\t\t\t<\/div>\n\t\t<\/div>\n\t\t\t\t<div class=\"elementor-column elementor-col-33 elementor-top-column elementor-element elementor-element-468428f\" data-id=\"468428f\" data-element_type=\"column\">\n\t\t\t<div class=\"elementor-widget-wrap elementor-element-populated\">\n\t\t\t\t\t\t<div class=\"elementor-element elementor-element-996f893 elementor-widget elementor-widget-video\" data-id=\"996f893\" data-element_type=\"widget\" data-settings=\"{&quot;youtube_url&quot;:&quot;https:\\\/\\\/www.youtube.com\\\/watch?v=XMvnwkclaws&quot;,&quot;video_type&quot;:&quot;youtube&quot;,&quot;controls&quot;:&quot;yes&quot;}\" data-widget_type=\"video.default\">\n\t\t\t\t<div class=\"elementor-widget-container\">\n\t\t\t\t\t<div class=\"elementor-wrapper elementor-open-inline\">\n\t\t\t<div class=\"elementor-video\"><\/div>\t\t<\/div>\n\t\t\t\t<\/div>\n\t\t\t\t<\/div>\n\t\t\t\t\t<\/div>\n\t\t<\/div>\n\t\t\t\t<div class=\"elementor-column elementor-col-33 elementor-top-column elementor-element elementor-element-17bb3f8\" data-id=\"17bb3f8\" data-element_type=\"column\">\n\t\t\t<div class=\"elementor-widget-wrap elementor-element-populated\">\n\t\t\t\t\t\t<div class=\"elementor-element elementor-element-e43a9b7 elementor-widget elementor-widget-video\" data-id=\"e43a9b7\" data-element_type=\"widget\" data-settings=\"{&quot;youtube_url&quot;:&quot;https:\\\/\\\/www.youtube.com\\\/watch?v=OJ90e2_7TxQ&quot;,&quot;video_type&quot;:&quot;youtube&quot;,&quot;controls&quot;:&quot;yes&quot;}\" data-widget_type=\"video.default\">\n\t\t\t\t<div class=\"elementor-widget-container\">\n\t\t\t\t\t<div class=\"elementor-wrapper elementor-open-inline\">\n\t\t\t<div class=\"elementor-video\"><\/div>\t\t<\/div>\n\t\t\t\t<\/div>\n\t\t\t\t<\/div>\n\t\t\t\t\t<\/div>\n\t\t<\/div>\n\t\t\t\t\t<\/div>\n\t\t<\/section>\n\t\t\t\t<\/div>","protected":false},"excerpt":{"rendered":"<p>LE PROCESSUS Chez Escamilla, nous traitons 200 000 kilos d'olives par jour et nous en conditionnons 9 millions par an. Nous avons<\/p>","protected":false},"author":1,"featured_media":0,"parent":0,"menu_order":0,"comment_status":"closed","ping_status":"closed","template":"","meta":{"footnotes":""},"class_list":["post-10255","page","type-page","status-publish","hentry"],"yoast_head":"<!-- This site is optimized with the Yoast SEO plugin v23.4 - https:\/\/yoast.com\/wordpress\/plugins\/seo\/ -->\n<title>Aceitunas - Escamilla<\/title>\n<meta name=\"robots\" content=\"index, follow, max-snippet:-1, max-image-preview:large, max-video-preview:-1\" \/>\n<link rel=\"canonical\" href=\"https:\/\/escamilla.es\/fr\/aceituna-de-mesa-escamilla\/\" \/>\n<meta property=\"og:locale\" content=\"fr_FR\" \/>\n<meta property=\"og:type\" content=\"article\" \/>\n<meta property=\"og:title\" content=\"Aceitunas - Escamilla\" \/>\n<meta property=\"og:description\" content=\"EL PROCESO En\u00a0Escamilla\u00a0procesamos 200 mil kilos de aceitunas al d\u00eda y envasamos 9 millones de kilos al a\u00f1o. Contamos con\" \/>\n<meta property=\"og:url\" content=\"https:\/\/escamilla.es\/fr\/aceituna-de-mesa-escamilla\/\" \/>\n<meta property=\"og:site_name\" content=\"Escamilla\" \/>\n<meta property=\"article:modified_time\" content=\"2022-05-19T10:15:08+00:00\" \/>\n<meta name=\"twitter:card\" content=\"summary_large_image\" \/>\n<meta name=\"twitter:label1\" content=\"Dur\u00e9e de lecture estim\u00e9e\" \/>\n\t<meta name=\"twitter:data1\" content=\"1 minute\" \/>\n<script type=\"application\/ld+json\" class=\"yoast-schema-graph\">{\"@context\":\"https:\/\/schema.org\",\"@graph\":[{\"@type\":\"WebPage\",\"@id\":\"https:\/\/escamilla.es\/es_es\/aceituna-de-mesa-escamilla\/\",\"url\":\"https:\/\/escamilla.es\/es_es\/aceituna-de-mesa-escamilla\/\",\"name\":\"Aceitunas - Escamilla\",\"isPartOf\":{\"@id\":\"https:\/\/escamilla.es\/es_es\/#website\"},\"datePublished\":\"2022-04-22T10:25:13+00:00\",\"dateModified\":\"2022-05-19T10:15:08+00:00\",\"breadcrumb\":{\"@id\":\"https:\/\/escamilla.es\/es_es\/aceituna-de-mesa-escamilla\/#breadcrumb\"},\"inLanguage\":\"fr-FR\",\"potentialAction\":[{\"@type\":\"ReadAction\",\"target\":[\"https:\/\/escamilla.es\/es_es\/aceituna-de-mesa-escamilla\/\"]}]},{\"@type\":\"BreadcrumbList\",\"@id\":\"https:\/\/escamilla.es\/es_es\/aceituna-de-mesa-escamilla\/#breadcrumb\",\"itemListElement\":[{\"@type\":\"ListItem\",\"position\":1,\"name\":\"Portada\",\"item\":\"https:\/\/escamilla.es\/es_es\/\"},{\"@type\":\"ListItem\",\"position\":2,\"name\":\"Aceitunas\"}]},{\"@type\":\"WebSite\",\"@id\":\"https:\/\/escamilla.es\/es_es\/#website\",\"url\":\"https:\/\/escamilla.es\/es_es\/\",\"name\":\"Escamilla\",\"description\":\"\",\"publisher\":{\"@id\":\"https:\/\/escamilla.es\/es_es\/#organization\"},\"potentialAction\":[{\"@type\":\"SearchAction\",\"target\":{\"@type\":\"EntryPoint\",\"urlTemplate\":\"https:\/\/escamilla.es\/es_es\/?s={search_term_string}\"},\"query-input\":{\"@type\":\"PropertyValueSpecification\",\"valueRequired\":true,\"valueName\":\"search_term_string\"}}],\"inLanguage\":\"fr-FR\"},{\"@type\":\"Organization\",\"@id\":\"https:\/\/escamilla.es\/es_es\/#organization\",\"name\":\"Escamilla\",\"url\":\"https:\/\/escamilla.es\/es_es\/\",\"logo\":{\"@type\":\"ImageObject\",\"inLanguage\":\"fr-FR\",\"@id\":\"https:\/\/escamilla.es\/es_es\/#\/schema\/logo\/image\/\",\"url\":\"https:\/\/escamilla.es\/wp-content\/uploads\/2022\/03\/admin-ajax.jpg\",\"contentUrl\":\"https:\/\/escamilla.es\/wp-content\/uploads\/2022\/03\/admin-ajax.jpg\",\"width\":100,\"height\":26,\"caption\":\"Escamilla\"},\"image\":{\"@id\":\"https:\/\/escamilla.es\/es_es\/#\/schema\/logo\/image\/\"}}]}<\/script>\n<!-- \/ Yoast SEO plugin. -->","yoast_head_json":{"title":"Aceitunas - Escamilla","robots":{"index":"index","follow":"follow","max-snippet":"max-snippet:-1","max-image-preview":"max-image-preview:large","max-video-preview":"max-video-preview:-1"},"canonical":"https:\/\/escamilla.es\/fr\/aceituna-de-mesa-escamilla\/","og_locale":"fr_FR","og_type":"article","og_title":"Aceitunas - Escamilla","og_description":"EL PROCESO En\u00a0Escamilla\u00a0procesamos 200 mil kilos de aceitunas al d\u00eda y envasamos 9 millones de kilos al a\u00f1o. Contamos con","og_url":"https:\/\/escamilla.es\/fr\/aceituna-de-mesa-escamilla\/","og_site_name":"Escamilla","article_modified_time":"2022-05-19T10:15:08+00:00","twitter_card":"summary_large_image","twitter_misc":{"Dur\u00e9e de lecture estim\u00e9e":"1 minute"},"schema":{"@context":"https:\/\/schema.org","@graph":[{"@type":"WebPage","@id":"https:\/\/escamilla.es\/es_es\/aceituna-de-mesa-escamilla\/","url":"https:\/\/escamilla.es\/es_es\/aceituna-de-mesa-escamilla\/","name":"Aceitunas - Escamilla","isPartOf":{"@id":"https:\/\/escamilla.es\/es_es\/#website"},"datePublished":"2022-04-22T10:25:13+00:00","dateModified":"2022-05-19T10:15:08+00:00","breadcrumb":{"@id":"https:\/\/escamilla.es\/es_es\/aceituna-de-mesa-escamilla\/#breadcrumb"},"inLanguage":"fr-FR","potentialAction":[{"@type":"ReadAction","target":["https:\/\/escamilla.es\/es_es\/aceituna-de-mesa-escamilla\/"]}]},{"@type":"BreadcrumbList","@id":"https:\/\/escamilla.es\/es_es\/aceituna-de-mesa-escamilla\/#breadcrumb","itemListElement":[{"@type":"ListItem","position":1,"name":"Portada","item":"https:\/\/escamilla.es\/es_es\/"},{"@type":"ListItem","position":2,"name":"Aceitunas"}]},{"@type":"WebSite","@id":"https:\/\/escamilla.es\/es_es\/#website","url":"https:\/\/escamilla.es\/es_es\/","name":"Escamilla","description":"","publisher":{"@id":"https:\/\/escamilla.es\/es_es\/#organization"},"potentialAction":[{"@type":"SearchAction","target":{"@type":"EntryPoint","urlTemplate":"https:\/\/escamilla.es\/es_es\/?s={search_term_string}"},"query-input":{"@type":"PropertyValueSpecification","valueRequired":true,"valueName":"search_term_string"}}],"inLanguage":"fr-FR"},{"@type":"Organization","@id":"https:\/\/escamilla.es\/es_es\/#organization","name":"Escamilla","url":"https:\/\/escamilla.es\/es_es\/","logo":{"@type":"ImageObject","inLanguage":"fr-FR","@id":"https:\/\/escamilla.es\/es_es\/#\/schema\/logo\/image\/","url":"https:\/\/escamilla.es\/wp-content\/uploads\/2022\/03\/admin-ajax.jpg","contentUrl":"https:\/\/escamilla.es\/wp-content\/uploads\/2022\/03\/admin-ajax.jpg","width":100,"height":26,"caption":"Escamilla"},"image":{"@id":"https:\/\/escamilla.es\/es_es\/#\/schema\/logo\/image\/"}}]}},"_links":{"self":[{"href":"https:\/\/escamilla.es\/fr\/wp-json\/wp\/v2\/pages\/10255","targetHints":{"allow":["GET"]}}],"collection":[{"href":"https:\/\/escamilla.es\/fr\/wp-json\/wp\/v2\/pages"}],"about":[{"href":"https:\/\/escamilla.es\/fr\/wp-json\/wp\/v2\/types\/page"}],"author":[{"embeddable":true,"href":"https:\/\/escamilla.es\/fr\/wp-json\/wp\/v2\/users\/1"}],"replies":[{"embeddable":true,"href":"https:\/\/escamilla.es\/fr\/wp-json\/wp\/v2\/comments?post=10255"}],"version-history":[{"count":17,"href":"https:\/\/escamilla.es\/fr\/wp-json\/wp\/v2\/pages\/10255\/revisions"}],"predecessor-version":[{"id":11644,"href":"https:\/\/escamilla.es\/fr\/wp-json\/wp\/v2\/pages\/10255\/revisions\/11644"}],"wp:attachment":[{"href":"https:\/\/escamilla.es\/fr\/wp-json\/wp\/v2\/media?parent=10255"}],"curies":[{"name":"wp","href":"https:\/\/api.w.org\/{rel}","templated":true}]}}