{"id":11241,"date":"2022-05-19T05:43:31","date_gmt":"2022-05-19T05:43:31","guid":{"rendered":"https:\/\/tienda.escamilla.es\/calidad\/"},"modified":"2023-06-29T19:22:33","modified_gmt":"2023-06-29T17:22:33","slug":"calidad","status":"publish","type":"page","link":"https:\/\/escamilla.es\/fr\/calidad\/","title":{"rendered":"Qualit\u00e9"},"content":{"rendered":"<div data-elementor-type=\"wp-page\" data-elementor-id=\"11241\" class=\"elementor elementor-11241\" data-elementor-post-type=\"page\">\n\t\t\t\t\t\t<section class=\"elementor-section elementor-top-section elementor-element elementor-element-73b48b0 elementor-section-stretched elementor-section-boxed elementor-section-height-default elementor-section-height-default wd-section-disabled\" data-id=\"73b48b0\" data-element_type=\"section\" data-settings=\"{&quot;stretch_section&quot;:&quot;section-stretched&quot;}\">\n\t\t\t\t\t\t<div class=\"elementor-container elementor-column-gap-default\">\n\t\t\t\t\t<div class=\"elementor-column elementor-col-100 elementor-top-column elementor-element elementor-element-cca2ae6\" data-id=\"cca2ae6\" data-element_type=\"column\">\n\t\t\t<div class=\"elementor-widget-wrap elementor-element-populated\">\n\t\t\t\t\t\t<div class=\"elementor-element elementor-element-846bd72 color-scheme-inherit text-left elementor-widget elementor-widget-text-editor\" data-id=\"846bd72\" data-element_type=\"widget\" data-widget_type=\"text-editor.default\">\n\t\t\t\t<div class=\"elementor-widget-container\">\n\t\t\t\t\t\t\t<p>Chez Aceitunas Escamilla, nous d\u00e9veloppons toutes les activit\u00e9s en garantissant des normes strictes en mati\u00e8re de qualit\u00e9 et d'environnement, ainsi que la pr\u00e9vention des risques professionnels, de mani\u00e8re \u00e0 satisfaire les attentes et les besoins de nos clients. C'est pourquoi nous suivons une politique de qualit\u00e9 stricte, du champ \u00e0 l'emballage, qui permet la tra\u00e7abilit\u00e9 de nos produits.<\/p><p>En outre, notre politique de qualit\u00e9 pr\u00e9voit la n\u00e9cessit\u00e9 d'effectuer des contr\u00f4les et des analyses p\u00e9riodiques de nos productions afin de d\u00e9terminer les \u00e9ventuels d\u00e9fauts de nos olives. En respectant les normes \u00e9tablies, nous ne nous contentons pas de d\u00e9passer ces limites, mais nous offrons une olive vraiment d\u00e9licieuse aux caract\u00e9ristiques exceptionnelles.<\/p>\t\t\t\t\t\t<\/div>\n\t\t\t\t<\/div>\n\t\t\t\t\t<\/div>\n\t\t<\/div>\n\t\t\t\t\t<\/div>\n\t\t<\/section>\n\t\t\t\t<section class=\"elementor-section elementor-top-section elementor-element elementor-element-53880c6 elementor-section-stretched elementor-section-boxed elementor-section-height-default elementor-section-height-default wd-section-disabled\" data-id=\"53880c6\" data-element_type=\"section\" data-settings=\"{&quot;stretch_section&quot;:&quot;section-stretched&quot;}\">\n\t\t\t\t\t\t<div class=\"elementor-container elementor-column-gap-default\">\n\t\t\t\t\t<div class=\"elementor-column elementor-col-33 elementor-top-column elementor-element elementor-element-854c146\" data-id=\"854c146\" data-element_type=\"column\">\n\t\t\t<div class=\"elementor-widget-wrap elementor-element-populated\">\n\t\t\t\t\t\t<div class=\"elementor-element elementor-element-31276a5 elementor-widget elementor-widget-image\" data-id=\"31276a5\" data-element_type=\"widget\" data-widget_type=\"image.default\">\n\t\t\t\t<div class=\"elementor-widget-container\">\n\t\t\t\t\t\t\t\t\t\t\t\t\t<img decoding=\"async\" width=\"142\" height=\"237\" src=\"https:\/\/escamilla.es\/wp-content\/uploads\/2022\/05\/certificado-applus.png\" class=\"attachment-full size-full wp-image-11073\" alt=\"\" \/>\t\t\t\t\t\t\t\t\t\t\t\t\t<\/div>\n\t\t\t\t<\/div>\n\t\t\t\t\t<\/div>\n\t\t<\/div>\n\t\t\t\t<div class=\"elementor-column elementor-col-33 elementor-top-column elementor-element elementor-element-844a44a\" data-id=\"844a44a\" data-element_type=\"column\">\n\t\t\t<div class=\"elementor-widget-wrap elementor-element-populated\">\n\t\t\t\t\t\t<div class=\"elementor-element elementor-element-7832d44 elementor-widget elementor-widget-image\" data-id=\"7832d44\" data-element_type=\"widget\" data-widget_type=\"image.default\">\n\t\t\t\t<div class=\"elementor-widget-container\">\n\t\t\t\t\t\t\t\t\t\t\t\t\t<img decoding=\"async\" width=\"253\" height=\"150\" src=\"https:\/\/escamilla.es\/wp-content\/uploads\/2022\/05\/ifs_food.png\" class=\"attachment-full size-full wp-image-11077\" alt=\"\" srcset=\"https:\/\/escamilla.es\/wp-content\/uploads\/2022\/05\/ifs_food.png 253w, https:\/\/escamilla.es\/wp-content\/uploads\/2022\/05\/ifs_food-150x89.png 150w\" sizes=\"(max-width: 253px) 100vw, 253px\" \/>\t\t\t\t\t\t\t\t\t\t\t\t\t<\/div>\n\t\t\t\t<\/div>\n\t\t\t\t\t<\/div>\n\t\t<\/div>\n\t\t\t\t<div class=\"elementor-column elementor-col-33 elementor-top-column elementor-element elementor-element-18d6ea3\" data-id=\"18d6ea3\" data-element_type=\"column\">\n\t\t\t<div class=\"elementor-widget-wrap elementor-element-populated\">\n\t\t\t\t\t\t<div class=\"elementor-element elementor-element-65cb948 elementor-mobile-align-center elementor-widget elementor-widget-button\" data-id=\"65cb948\" data-element_type=\"widget\" data-widget_type=\"button.default\">\n\t\t\t\t<div class=\"elementor-widget-container\">\n\t\t\t\t\t<div class=\"elementor-button-wrapper\">\n\t\t\t<a class=\"elementor-button elementor-button-link elementor-size-sm elementor-animation-grow\" href=\"https:\/\/escamilla.es\/wp-content\/uploads\/2023\/06\/Politica-Calidad-Escamilla-ingles.pdf\" target=\"_blank\">\n\t\t\t\t\t\t<span class=\"elementor-button-content-wrapper\">\n\t\t\t\t\t\t\t\t\t<span class=\"elementor-button-text\">Politique de qualit\u00e9<\/span>\n\t\t\t\t\t<\/span>\n\t\t\t\t\t<\/a>\n\t\t<\/div>\n\t\t\t\t<\/div>\n\t\t\t\t<\/div>\n\t\t\t\t\t<\/div>\n\t\t<\/div>\n\t\t\t\t\t<\/div>\n\t\t<\/section>\n\t\t\t\t<\/div>","protected":false},"excerpt":{"rendered":"<p>Chez Aceitunas Escamilla, nous d\u00e9veloppons toutes les activit\u00e9s en garantissant des normes strictes en mati\u00e8re de qualit\u00e9 et d'environnement, ainsi que la pr\u00e9vention des accidents du travail et des maladies professionnelles.<\/p>","protected":false},"author":1,"featured_media":0,"parent":0,"menu_order":0,"comment_status":"closed","ping_status":"closed","template":"","meta":{"footnotes":""},"class_list":["post-11241","page","type-page","status-publish","hentry"],"yoast_head":"<!-- This site is optimized with the Yoast SEO plugin v23.4 - https:\/\/yoast.com\/wordpress\/plugins\/seo\/ -->\n<title>Quality - Escamilla<\/title>\n<meta name=\"robots\" content=\"index, follow, max-snippet:-1, max-image-preview:large, max-video-preview:-1\" \/>\n<link rel=\"canonical\" href=\"https:\/\/escamilla.es\/fr\/calidad\/\" \/>\n<meta property=\"og:locale\" content=\"fr_FR\" \/>\n<meta property=\"og:type\" content=\"article\" \/>\n<meta property=\"og:title\" content=\"Quality - Escamilla\" \/>\n<meta property=\"og:description\" content=\"At \u201cAceitunas Escamilla\u201d we develop all activities guarantying strict quality and environmental standards, as well as the prevention of occupational\" \/>\n<meta property=\"og:url\" content=\"https:\/\/escamilla.es\/fr\/calidad\/\" \/>\n<meta property=\"og:site_name\" content=\"Escamilla\" \/>\n<meta property=\"article:modified_time\" content=\"2023-06-29T17:22:33+00:00\" \/>\n<meta property=\"og:image\" content=\"https:\/\/escamilla.es\/wp-content\/uploads\/2022\/05\/certificado-applus.png\" \/>\n<meta name=\"twitter:card\" content=\"summary_large_image\" \/>\n<meta name=\"twitter:label1\" content=\"Dur\u00e9e de lecture estim\u00e9e\" \/>\n\t<meta name=\"twitter:data1\" content=\"1 minute\" \/>\n<script type=\"application\/ld+json\" class=\"yoast-schema-graph\">{\"@context\":\"https:\/\/schema.org\",\"@graph\":[{\"@type\":\"WebPage\",\"@id\":\"https:\/\/escamilla.es\/calidad\/\",\"url\":\"https:\/\/escamilla.es\/calidad\/\",\"name\":\"Quality - Escamilla\",\"isPartOf\":{\"@id\":\"https:\/\/escamilla.es\/es_es\/#website\"},\"primaryImageOfPage\":{\"@id\":\"https:\/\/escamilla.es\/calidad\/#primaryimage\"},\"image\":{\"@id\":\"https:\/\/escamilla.es\/calidad\/#primaryimage\"},\"thumbnailUrl\":\"https:\/\/escamilla.es\/wp-content\/uploads\/2022\/05\/certificado-applus.png\",\"datePublished\":\"2022-05-19T05:43:31+00:00\",\"dateModified\":\"2023-06-29T17:22:33+00:00\",\"breadcrumb\":{\"@id\":\"https:\/\/escamilla.es\/calidad\/#breadcrumb\"},\"inLanguage\":\"fr-FR\",\"potentialAction\":[{\"@type\":\"ReadAction\",\"target\":[\"https:\/\/escamilla.es\/calidad\/\"]}]},{\"@type\":\"ImageObject\",\"inLanguage\":\"fr-FR\",\"@id\":\"https:\/\/escamilla.es\/calidad\/#primaryimage\",\"url\":\"https:\/\/escamilla.es\/wp-content\/uploads\/2022\/05\/certificado-applus.png\",\"contentUrl\":\"https:\/\/escamilla.es\/wp-content\/uploads\/2022\/05\/certificado-applus.png\"},{\"@type\":\"BreadcrumbList\",\"@id\":\"https:\/\/escamilla.es\/calidad\/#breadcrumb\",\"itemListElement\":[{\"@type\":\"ListItem\",\"position\":1,\"name\":\"Portada\",\"item\":\"https:\/\/escamilla.es\/es_es\/\"},{\"@type\":\"ListItem\",\"position\":2,\"name\":\"Quality\"}]},{\"@type\":\"WebSite\",\"@id\":\"https:\/\/escamilla.es\/es_es\/#website\",\"url\":\"https:\/\/escamilla.es\/es_es\/\",\"name\":\"Escamilla\",\"description\":\"\",\"publisher\":{\"@id\":\"https:\/\/escamilla.es\/es_es\/#organization\"},\"potentialAction\":[{\"@type\":\"SearchAction\",\"target\":{\"@type\":\"EntryPoint\",\"urlTemplate\":\"https:\/\/escamilla.es\/es_es\/?s={search_term_string}\"},\"query-input\":{\"@type\":\"PropertyValueSpecification\",\"valueRequired\":true,\"valueName\":\"search_term_string\"}}],\"inLanguage\":\"fr-FR\"},{\"@type\":\"Organization\",\"@id\":\"https:\/\/escamilla.es\/es_es\/#organization\",\"name\":\"Escamilla\",\"url\":\"https:\/\/escamilla.es\/es_es\/\",\"logo\":{\"@type\":\"ImageObject\",\"inLanguage\":\"fr-FR\",\"@id\":\"https:\/\/escamilla.es\/es_es\/#\/schema\/logo\/image\/\",\"url\":\"https:\/\/escamilla.es\/wp-content\/uploads\/2022\/03\/admin-ajax.jpg\",\"contentUrl\":\"https:\/\/escamilla.es\/wp-content\/uploads\/2022\/03\/admin-ajax.jpg\",\"width\":100,\"height\":26,\"caption\":\"Escamilla\"},\"image\":{\"@id\":\"https:\/\/escamilla.es\/es_es\/#\/schema\/logo\/image\/\"}}]}<\/script>\n<!-- \/ Yoast SEO plugin. -->","yoast_head_json":{"title":"Quality - Escamilla","robots":{"index":"index","follow":"follow","max-snippet":"max-snippet:-1","max-image-preview":"max-image-preview:large","max-video-preview":"max-video-preview:-1"},"canonical":"https:\/\/escamilla.es\/fr\/calidad\/","og_locale":"fr_FR","og_type":"article","og_title":"Quality - Escamilla","og_description":"At \u201cAceitunas Escamilla\u201d we develop all activities guarantying strict quality and environmental standards, as well as the prevention of occupational","og_url":"https:\/\/escamilla.es\/fr\/calidad\/","og_site_name":"Escamilla","article_modified_time":"2023-06-29T17:22:33+00:00","og_image":[{"url":"https:\/\/escamilla.es\/wp-content\/uploads\/2022\/05\/certificado-applus.png"}],"twitter_card":"summary_large_image","twitter_misc":{"Dur\u00e9e de lecture estim\u00e9e":"1 minute"},"schema":{"@context":"https:\/\/schema.org","@graph":[{"@type":"WebPage","@id":"https:\/\/escamilla.es\/calidad\/","url":"https:\/\/escamilla.es\/calidad\/","name":"Quality - Escamilla","isPartOf":{"@id":"https:\/\/escamilla.es\/es_es\/#website"},"primaryImageOfPage":{"@id":"https:\/\/escamilla.es\/calidad\/#primaryimage"},"image":{"@id":"https:\/\/escamilla.es\/calidad\/#primaryimage"},"thumbnailUrl":"https:\/\/escamilla.es\/wp-content\/uploads\/2022\/05\/certificado-applus.png","datePublished":"2022-05-19T05:43:31+00:00","dateModified":"2023-06-29T17:22:33+00:00","breadcrumb":{"@id":"https:\/\/escamilla.es\/calidad\/#breadcrumb"},"inLanguage":"fr-FR","potentialAction":[{"@type":"ReadAction","target":["https:\/\/escamilla.es\/calidad\/"]}]},{"@type":"ImageObject","inLanguage":"fr-FR","@id":"https:\/\/escamilla.es\/calidad\/#primaryimage","url":"https:\/\/escamilla.es\/wp-content\/uploads\/2022\/05\/certificado-applus.png","contentUrl":"https:\/\/escamilla.es\/wp-content\/uploads\/2022\/05\/certificado-applus.png"},{"@type":"BreadcrumbList","@id":"https:\/\/escamilla.es\/calidad\/#breadcrumb","itemListElement":[{"@type":"ListItem","position":1,"name":"Portada","item":"https:\/\/escamilla.es\/es_es\/"},{"@type":"ListItem","position":2,"name":"Quality"}]},{"@type":"WebSite","@id":"https:\/\/escamilla.es\/es_es\/#website","url":"https:\/\/escamilla.es\/es_es\/","name":"Escamilla","description":"","publisher":{"@id":"https:\/\/escamilla.es\/es_es\/#organization"},"potentialAction":[{"@type":"SearchAction","target":{"@type":"EntryPoint","urlTemplate":"https:\/\/escamilla.es\/es_es\/?s={search_term_string}"},"query-input":{"@type":"PropertyValueSpecification","valueRequired":true,"valueName":"search_term_string"}}],"inLanguage":"fr-FR"},{"@type":"Organization","@id":"https:\/\/escamilla.es\/es_es\/#organization","name":"Escamilla","url":"https:\/\/escamilla.es\/es_es\/","logo":{"@type":"ImageObject","inLanguage":"fr-FR","@id":"https:\/\/escamilla.es\/es_es\/#\/schema\/logo\/image\/","url":"https:\/\/escamilla.es\/wp-content\/uploads\/2022\/03\/admin-ajax.jpg","contentUrl":"https:\/\/escamilla.es\/wp-content\/uploads\/2022\/03\/admin-ajax.jpg","width":100,"height":26,"caption":"Escamilla"},"image":{"@id":"https:\/\/escamilla.es\/es_es\/#\/schema\/logo\/image\/"}}]}},"_links":{"self":[{"href":"https:\/\/escamilla.es\/fr\/wp-json\/wp\/v2\/pages\/11241","targetHints":{"allow":["GET"]}}],"collection":[{"href":"https:\/\/escamilla.es\/fr\/wp-json\/wp\/v2\/pages"}],"about":[{"href":"https:\/\/escamilla.es\/fr\/wp-json\/wp\/v2\/types\/page"}],"author":[{"embeddable":true,"href":"https:\/\/escamilla.es\/fr\/wp-json\/wp\/v2\/users\/1"}],"replies":[{"embeddable":true,"href":"https:\/\/escamilla.es\/fr\/wp-json\/wp\/v2\/comments?post=11241"}],"version-history":[{"count":8,"href":"https:\/\/escamilla.es\/fr\/wp-json\/wp\/v2\/pages\/11241\/revisions"}],"predecessor-version":[{"id":12144,"href":"https:\/\/escamilla.es\/fr\/wp-json\/wp\/v2\/pages\/11241\/revisions\/12144"}],"wp:attachment":[{"href":"https:\/\/escamilla.es\/fr\/wp-json\/wp\/v2\/media?parent=11241"}],"curies":[{"name":"wp","href":"https:\/\/api.w.org\/{rel}","templated":true}]}}