{"id":11660,"date":"2022-06-28T06:59:55","date_gmt":"2022-06-28T06:59:55","guid":{"rendered":"https:\/\/escamilla.es\/?page_id=11660"},"modified":"2022-06-28T07:01:15","modified_gmt":"2022-06-28T07:01:15","slug":"politica-de-cookies","status":"publish","type":"page","link":"https:\/\/escamilla.es\/fr\/politica-de-cookies\/","title":{"rendered":"Politique en mati\u00e8re de cookies"},"content":{"rendered":"<div data-elementor-type=\"wp-page\" data-elementor-id=\"11660\" class=\"elementor elementor-11660\" data-elementor-post-type=\"page\">\n\t\t\t\t\t\t<section class=\"elementor-section elementor-top-section elementor-element elementor-element-4fcf7d36 elementor-section-boxed elementor-section-height-default elementor-section-height-default wd-section-disabled\" data-id=\"4fcf7d36\" data-element_type=\"section\">\n\t\t\t\t\t\t<div class=\"elementor-container elementor-column-gap-default\">\n\t\t\t\t\t<div class=\"elementor-column elementor-col-100 elementor-top-column elementor-element elementor-element-24c65337\" data-id=\"24c65337\" data-element_type=\"column\">\n\t\t\t<div class=\"elementor-widget-wrap elementor-element-populated\">\n\t\t\t\t\t\t<div class=\"elementor-element elementor-element-30696855 color-scheme-inherit text-left elementor-widget elementor-widget-text-editor\" data-id=\"30696855\" data-element_type=\"widget\" data-widget_type=\"text-editor.default\">\n\t\t\t\t<div class=\"elementor-widget-container\">\n\t\t\t\t\t\t\t<div class=\"cli_pg_page_contaner\"><h3>\u00c0 propos de cette politique en mati\u00e8re de cookies<\/h3><div>La pr\u00e9sente politique en mati\u00e8re de cookies explique ce que sont les cookies et comment nous les utilisons, les types de cookies que nous utilisons, c'est-\u00e0-dire les informations que nous collectons \u00e0 l'aide des cookies et la mani\u00e8re dont ces informations sont utilis\u00e9es, ainsi que la mani\u00e8re de contr\u00f4ler les pr\u00e9f\u00e9rences en mati\u00e8re de cookies. Pour plus d'informations sur la mani\u00e8re dont nous utilisons, stockons et s\u00e9curisons vos donn\u00e9es personnelles, veuillez consulter notre Politique de confidentialit\u00e9.\n\nVous pouvez \u00e0 tout moment modifier ou retirer votre consentement \u00e0 la d\u00e9claration relative aux cookies sur notre site web.\n\nPour en savoir plus sur qui nous sommes, comment vous pouvez nous contacter et comment nous traitons les donn\u00e9es personnelles, consultez notre politique de confidentialit\u00e9.\n\nVotre consentement s'applique aux domaines suivants:romeroylinares.com\n\n<div class=\"cli_user_consent_state\">Votre \u00e9tat actuel : Aucun consentement n'a \u00e9t\u00e9 donn\u00e9. <a class=\"cli_manage_current_consent\" style=\"cursor:pointer;text-decoration:underline;\">G\u00e9rer votre consentement.<\/a> <\/div><\/div><h3>Qu'est-ce qu'un biscuit ?<\/h3><div>Les cookies sont de petits fichiers texte utilis\u00e9s pour stocker de petits \u00e9l\u00e9ments d'information. Ils sont stock\u00e9s sur votre appareil lorsque le site web se charge dans votre navigateur. Ces cookies nous aident \u00e0 faire fonctionner le site web correctement, \u00e0 le rendre plus s\u00fbr, \u00e0 offrir une meilleure exp\u00e9rience \u00e0 l'utilisateur, \u00e0 comprendre le fonctionnement du site web et \u00e0 analyser ce qui fonctionne et ce qui doit \u00eatre am\u00e9lior\u00e9.<\/div><h3>Comment utilisons-nous les cookies ?<\/h3><div>Comme la plupart des services en ligne, notre site web utilise des cookies de premi\u00e8re partie et de tierce partie \u00e0 diverses fins. Les cookies de premi\u00e8re partie sont essentiellement n\u00e9cessaires au bon fonctionnement du site web et ne collectent aucune information permettant de vous identifier personnellement.\n\nLes cookies tiers utilis\u00e9s sur notre site web servent principalement \u00e0 comprendre le fonctionnement du site web, la mani\u00e8re dont vous interagissez avec notre site web, \u00e0 assurer la s\u00e9curit\u00e9 de nos services, \u00e0 fournir des publicit\u00e9s pertinentes pour vous et, de mani\u00e8re g\u00e9n\u00e9rale, \u00e0 vous offrir une exp\u00e9rience utilisateur meilleure et am\u00e9lior\u00e9e et \u00e0 acc\u00e9l\u00e9rer vos interactions futures avec notre site web.<\/div><h3>Quels types de cookies utilisons-nous ?<\/h3><div>Essentiels : certains cookies sont essentiels pour que vous puissiez b\u00e9n\u00e9ficier de toutes les fonctionnalit\u00e9s de notre site. Ils nous permettent de maintenir les sessions des utilisateurs et de pr\u00e9venir toute menace pour la s\u00e9curit\u00e9. Ils ne collectent ni ne stockent aucune information personnelle. Par exemple, ces cookies vous permettent de vous connecter \u00e0 votre compte, d'ajouter des produits \u00e0 votre panier et de passer \u00e0 la caisse en toute s\u00e9curit\u00e9.\n\nStatistiques : ces cookies stockent des informations telles que le nombre de visiteurs sur le site web, le nombre de visiteurs uniques, les pages du site web qui ont \u00e9t\u00e9 visit\u00e9es, la source de la visite, etc. Ces donn\u00e9es nous aident \u00e0 comprendre et \u00e0 analyser les performances du site web et les points \u00e0 am\u00e9liorer.\n\nMarketing : notre site web affiche des publicit\u00e9s. Ces cookies sont utilis\u00e9s pour personnaliser les publicit\u00e9s que nous vous montrons afin qu'elles soient significatives pour vous. Ces cookies nous aident \u00e9galement \u00e0 \u00e9valuer l'efficacit\u00e9 de ces campagnes publicitaires.\n\nLes informations stock\u00e9es dans ces cookies peuvent \u00e9galement \u00eatre utilis\u00e9es par des fournisseurs de publicit\u00e9 tiers pour vous montrer des publicit\u00e9s sur d'autres sites web dans votre navigateur.\n\nFonctionnels : il s'agit de cookies qui facilitent certaines fonctionnalit\u00e9s non essentielles de notre site web. Ces fonctionnalit\u00e9s comprennent l'int\u00e9gration de contenu tel que des vid\u00e9os ou le partage du contenu du site web sur des plateformes de m\u00e9dias sociaux.\n\nPr\u00e9f\u00e9rences : ces cookies nous aident \u00e0 m\u00e9moriser vos param\u00e8tres de navigation et vos pr\u00e9f\u00e9rences, telles que les pr\u00e9f\u00e9rences linguistiques, afin de vous offrir une exp\u00e9rience meilleure et plus efficace lors de vos prochaines visites sur le site web.\n<p>La liste suivante d\u00e9taille les cookies utilis\u00e9s sur notre site web.<\/p><table class=\"cookielawinfo-row-cat-table cookielawinfo-classic\"><thead><tr><th class=\"cookielawinfo-column-1\">Cookie<\/th><th class=\"cookielawinfo-column-4\">Description<\/th><\/tr><\/thead><tbody><tr class=\"cookielawinfo-row\"><td class=\"cookielawinfo-column-1\">CONSENTEMENT<\/td><td class=\"cookielawinfo-column-4\">YouTube installe ce cookie dans les vid\u00e9os YouTube int\u00e9gr\u00e9es et enregistre des donn\u00e9es statistiques anonymes.\r\n<\/td><\/tr><tr class=\"cookielawinfo-row\"><td class=\"cookielawinfo-column-1\">publicit\u00e9 pour la bo\u00eete \u00e0 cocher cookielawinfos<\/td><td class=\"cookielawinfo-column-4\">D\u00e9fini par le module compl\u00e9mentaire de consentement aux cookies GDPR, ce cookie est utilis\u00e9 pour enregistrer le consentement de l'utilisateur aux cookies de la cat\u00e9gorie \"Publicit\u00e9\".<\/td><\/tr><tr class=\"cookielawinfo-row\"><td class=\"cookielawinfo-column-1\">cookielawinfo-checkbox-analytics<\/td><td class=\"cookielawinfo-column-4\">D\u00e9fini par le module compl\u00e9mentaire de consentement aux cookies GDPR, ce cookie est utilis\u00e9 pour enregistrer le consentement de l'utilisateur pour les cookies de la cat\u00e9gorie \"Analytics\".<\/td><\/tr><tr class=\"cookielawinfo-row\"><td class=\"cookielawinfo-column-1\">cookielawinfo-checkbox-fonctionnel<\/td><td class=\"cookielawinfo-column-4\">Le cookie est d\u00e9fini par le module compl\u00e9mentaire de consentement aux cookies GDPR pour enregistrer le consentement de l'utilisateur pour les cookies de la cat\u00e9gorie \"fonctionnelle\".<\/td><\/tr><tr class=\"cookielawinfo-row\"><td class=\"cookielawinfo-column-1\">case \u00e0 cocher n\u00e9cessaire pour le droit de la concurrence<\/td><td class=\"cookielawinfo-column-4\">D\u00e9fini par le module compl\u00e9mentaire de consentement aux cookies GDPR, ce cookie est utilis\u00e9 pour enregistrer le consentement de l'utilisateur pour les cookies de la cat\u00e9gorie \"requis\".<\/td><\/tr><tr class=\"cookielawinfo-row\"><td class=\"cookielawinfo-column-1\">cookielawinfo-checkbox-autres<\/td><td class=\"cookielawinfo-column-4\">D\u00e9fini par le module compl\u00e9mentaire de consentement aux cookies GDPR, ce cookie est utilis\u00e9 pour stocker le consentement de l'utilisateur pour les cookies de la cat\u00e9gorie \"Autres\".<\/td><\/tr><tr class=\"cookielawinfo-row\"><td class=\"cookielawinfo-column-1\">cookielawinfo-checkbox-performance<\/td><td class=\"cookielawinfo-column-4\">D\u00e9fini par le module compl\u00e9mentaire de consentement aux cookies GDPR, ce cookie est utilis\u00e9 pour stocker le consentement de l'utilisateur pour les cookies de la cat\u00e9gorie \"Performance\".<\/td><\/tr><tr class=\"cookielawinfo-row\"><td class=\"cookielawinfo-column-1\">CookieLawInfoConsent<\/td><td class=\"cookielawinfo-column-4\">Enregistre l'\u00e9tat du bouton par d\u00e9faut de la cat\u00e9gorie correspondante et l'\u00e9tat de l'ACCP. Fonctionne uniquement en coordination avec le cookie principal.<\/td><\/tr><tr class=\"cookielawinfo-row\"><td class=\"cookielawinfo-column-1\">\u00e9l\u00e9mentaire<\/td><td class=\"cookielawinfo-column-4\">Ce cookie est utilis\u00e9 par le th\u00e8me WordPress du site web. Il permet au propri\u00e9taire du site de d\u00e9ployer ou de modifier le contenu du site en temps r\u00e9el.<\/td><\/tr><tr class=\"cookielawinfo-row\"><td class=\"cookielawinfo-column-1\">politique_cookie_vu<\/td><td class=\"cookielawinfo-column-4\">Le cookie est d\u00e9fini par le module compl\u00e9mentaire de consentement aux cookies du GDPR et est utilis\u00e9 pour enregistrer si l'utilisateur a consenti ou non \u00e0 l'utilisation de cookies. Il ne stocke aucune donn\u00e9e personnelle.\r\n<\/td><\/tr><tr class=\"cookielawinfo-row\"><td class=\"cookielawinfo-column-1\">VISITOR_INFO1_LIVE<\/td><td class=\"cookielawinfo-column-4\">Un cookie mis en place par YouTube pour mesurer la bande passante qui d\u00e9termine si l'utilisateur obtient l'ancienne ou la nouvelle interface du lecteur.<\/td><\/tr><tr class=\"cookielawinfo-row\"><td class=\"cookielawinfo-column-1\">wp-wpml_current_language<\/td><td class=\"cookielawinfo-column-4\">Aucune description n'est disponible.\r\n<\/td><\/tr><tr class=\"cookielawinfo-row\"><td class=\"cookielawinfo-column-1\">CSY<\/td><td class=\"cookielawinfo-column-4\">Le cookie YSC est mis en place par Youtube et est utilis\u00e9 pour suivre les vues des vid\u00e9os int\u00e9gr\u00e9es dans les pages Youtube.\r\n<\/td><\/tr><tr class=\"cookielawinfo-row\"><td class=\"cookielawinfo-column-1\">yt-remote-connected-devices<\/td><td class=\"cookielawinfo-column-4\">YouTube utilise ce cookie pour stocker les pr\u00e9f\u00e9rences vid\u00e9o de l'utilisateur qui utilise des vid\u00e9os YouTube int\u00e9gr\u00e9es.\r\n<\/td><\/tr><tr class=\"cookielawinfo-row\"><td class=\"cookielawinfo-column-1\">yt-remote-device-id<\/td><td class=\"cookielawinfo-column-4\">YouTube utilise ce cookie pour stocker les pr\u00e9f\u00e9rences vid\u00e9o de l'utilisateur qui utilise des vid\u00e9os YouTube int\u00e9gr\u00e9es.\r\n<\/td><\/tr><\/tbody><\/table><\/div><h3>Comment puis-je contr\u00f4ler mes pr\u00e9f\u00e9rences en mati\u00e8re de cookies ?<\/h3><div>Si vous d\u00e9cidez de modifier vos pr\u00e9f\u00e9rences plus tard au cours de votre session de navigation, vous pouvez cliquer sur l'onglet \"Politique en mati\u00e8re de confidentialit\u00e9 et de cookies\" sur votre \u00e9cran. L'avis de consentement s'affichera \u00e0 nouveau, ce qui vous permettra de modifier vos pr\u00e9f\u00e9rences ou de retirer compl\u00e8tement votre consentement.\n\nEn outre, les navigateurs proposent des m\u00e9thodes diff\u00e9rentes pour bloquer et supprimer les cookies utilis\u00e9s par les sites web. Vous pouvez modifier les param\u00e8tres de votre navigateur pour bloquer\/supprimer les cookies. Pour plus d'informations sur la gestion et la suppression des cookies, consultez le site wikipedia.org, www.allaboutcookies.org.<\/div><\/div>\t\t\t\t\t\t<\/div>\n\t\t\t\t<\/div>\n\t\t\t\t\t<\/div>\n\t\t<\/div>\n\t\t\t\t\t<\/div>\n\t\t<\/section>\n\t\t\t\t<\/div>","protected":false},"excerpt":{"rendered":"<p>\u00c0 propos de la pr\u00e9sente politique en mati\u00e8re de cookies La pr\u00e9sente politique en mati\u00e8re de cookies explique ce que sont les cookies et comment nous les utilisons, les types de cookies que nous utilisons, le type de cookies que nous utilisons et les types de cookies que nous utilisons.<\/p>","protected":false},"author":1,"featured_media":0,"parent":0,"menu_order":0,"comment_status":"closed","ping_status":"closed","template":"","meta":{"footnotes":""},"class_list":["post-11660","page","type-page","status-publish","hentry"],"yoast_head":"<!-- This site is optimized with the Yoast SEO plugin v23.4 - https:\/\/yoast.com\/wordpress\/plugins\/seo\/ -->\n<title>Politica de cookies - Escamilla<\/title>\n<meta name=\"robots\" content=\"index, follow, max-snippet:-1, max-image-preview:large, max-video-preview:-1\" \/>\n<link rel=\"canonical\" href=\"https:\/\/escamilla.es\/fr\/politica-de-cookies\/\" \/>\n<meta property=\"og:locale\" content=\"fr_FR\" \/>\n<meta property=\"og:type\" content=\"article\" \/>\n<meta property=\"og:title\" content=\"Politica de cookies - Escamilla\" \/>\n<meta property=\"og:description\" content=\"Sobre esta pol\u00edtica de cookies Esta Pol\u00edtica de cookies explica qu\u00e9 son las cookies y c\u00f3mo las usamos, los tipos\" \/>\n<meta property=\"og:url\" content=\"https:\/\/escamilla.es\/fr\/politica-de-cookies\/\" \/>\n<meta property=\"og:site_name\" content=\"Escamilla\" \/>\n<meta property=\"article:modified_time\" content=\"2022-06-28T07:01:15+00:00\" \/>\n<meta name=\"twitter:card\" content=\"summary_large_image\" \/>\n<meta name=\"twitter:label1\" content=\"Dur\u00e9e de lecture estim\u00e9e\" \/>\n\t<meta name=\"twitter:data1\" content=\"5 minutes\" \/>\n<script type=\"application\/ld+json\" class=\"yoast-schema-graph\">{\"@context\":\"https:\/\/schema.org\",\"@graph\":[{\"@type\":\"WebPage\",\"@id\":\"https:\/\/escamilla.es\/politica-de-cookies\/\",\"url\":\"https:\/\/escamilla.es\/politica-de-cookies\/\",\"name\":\"Politica de cookies - Escamilla\",\"isPartOf\":{\"@id\":\"https:\/\/escamilla.es\/es_es\/#website\"},\"datePublished\":\"2022-06-28T06:59:55+00:00\",\"dateModified\":\"2022-06-28T07:01:15+00:00\",\"breadcrumb\":{\"@id\":\"https:\/\/escamilla.es\/politica-de-cookies\/#breadcrumb\"},\"inLanguage\":\"fr-FR\",\"potentialAction\":[{\"@type\":\"ReadAction\",\"target\":[\"https:\/\/escamilla.es\/politica-de-cookies\/\"]}]},{\"@type\":\"BreadcrumbList\",\"@id\":\"https:\/\/escamilla.es\/politica-de-cookies\/#breadcrumb\",\"itemListElement\":[{\"@type\":\"ListItem\",\"position\":1,\"name\":\"Portada\",\"item\":\"https:\/\/escamilla.es\/es_es\/\"},{\"@type\":\"ListItem\",\"position\":2,\"name\":\"Politica de cookies\"}]},{\"@type\":\"WebSite\",\"@id\":\"https:\/\/escamilla.es\/es_es\/#website\",\"url\":\"https:\/\/escamilla.es\/es_es\/\",\"name\":\"Escamilla\",\"description\":\"\",\"publisher\":{\"@id\":\"https:\/\/escamilla.es\/es_es\/#organization\"},\"potentialAction\":[{\"@type\":\"SearchAction\",\"target\":{\"@type\":\"EntryPoint\",\"urlTemplate\":\"https:\/\/escamilla.es\/es_es\/?s={search_term_string}\"},\"query-input\":{\"@type\":\"PropertyValueSpecification\",\"valueRequired\":true,\"valueName\":\"search_term_string\"}}],\"inLanguage\":\"fr-FR\"},{\"@type\":\"Organization\",\"@id\":\"https:\/\/escamilla.es\/es_es\/#organization\",\"name\":\"Escamilla\",\"url\":\"https:\/\/escamilla.es\/es_es\/\",\"logo\":{\"@type\":\"ImageObject\",\"inLanguage\":\"fr-FR\",\"@id\":\"https:\/\/escamilla.es\/es_es\/#\/schema\/logo\/image\/\",\"url\":\"https:\/\/escamilla.es\/wp-content\/uploads\/2022\/03\/admin-ajax.jpg\",\"contentUrl\":\"https:\/\/escamilla.es\/wp-content\/uploads\/2022\/03\/admin-ajax.jpg\",\"width\":100,\"height\":26,\"caption\":\"Escamilla\"},\"image\":{\"@id\":\"https:\/\/escamilla.es\/es_es\/#\/schema\/logo\/image\/\"}}]}<\/script>\n<!-- \/ Yoast SEO plugin. -->","yoast_head_json":{"title":"Politica de cookies - Escamilla","robots":{"index":"index","follow":"follow","max-snippet":"max-snippet:-1","max-image-preview":"max-image-preview:large","max-video-preview":"max-video-preview:-1"},"canonical":"https:\/\/escamilla.es\/fr\/politica-de-cookies\/","og_locale":"fr_FR","og_type":"article","og_title":"Politica de cookies - Escamilla","og_description":"Sobre esta pol\u00edtica de cookies Esta Pol\u00edtica de cookies explica qu\u00e9 son las cookies y c\u00f3mo las usamos, los tipos","og_url":"https:\/\/escamilla.es\/fr\/politica-de-cookies\/","og_site_name":"Escamilla","article_modified_time":"2022-06-28T07:01:15+00:00","twitter_card":"summary_large_image","twitter_misc":{"Dur\u00e9e de lecture estim\u00e9e":"5 minutes"},"schema":{"@context":"https:\/\/schema.org","@graph":[{"@type":"WebPage","@id":"https:\/\/escamilla.es\/politica-de-cookies\/","url":"https:\/\/escamilla.es\/politica-de-cookies\/","name":"Politica de cookies - Escamilla","isPartOf":{"@id":"https:\/\/escamilla.es\/es_es\/#website"},"datePublished":"2022-06-28T06:59:55+00:00","dateModified":"2022-06-28T07:01:15+00:00","breadcrumb":{"@id":"https:\/\/escamilla.es\/politica-de-cookies\/#breadcrumb"},"inLanguage":"fr-FR","potentialAction":[{"@type":"ReadAction","target":["https:\/\/escamilla.es\/politica-de-cookies\/"]}]},{"@type":"BreadcrumbList","@id":"https:\/\/escamilla.es\/politica-de-cookies\/#breadcrumb","itemListElement":[{"@type":"ListItem","position":1,"name":"Portada","item":"https:\/\/escamilla.es\/es_es\/"},{"@type":"ListItem","position":2,"name":"Politica de cookies"}]},{"@type":"WebSite","@id":"https:\/\/escamilla.es\/es_es\/#website","url":"https:\/\/escamilla.es\/es_es\/","name":"Escamilla","description":"","publisher":{"@id":"https:\/\/escamilla.es\/es_es\/#organization"},"potentialAction":[{"@type":"SearchAction","target":{"@type":"EntryPoint","urlTemplate":"https:\/\/escamilla.es\/es_es\/?s={search_term_string}"},"query-input":{"@type":"PropertyValueSpecification","valueRequired":true,"valueName":"search_term_string"}}],"inLanguage":"fr-FR"},{"@type":"Organization","@id":"https:\/\/escamilla.es\/es_es\/#organization","name":"Escamilla","url":"https:\/\/escamilla.es\/es_es\/","logo":{"@type":"ImageObject","inLanguage":"fr-FR","@id":"https:\/\/escamilla.es\/es_es\/#\/schema\/logo\/image\/","url":"https:\/\/escamilla.es\/wp-content\/uploads\/2022\/03\/admin-ajax.jpg","contentUrl":"https:\/\/escamilla.es\/wp-content\/uploads\/2022\/03\/admin-ajax.jpg","width":100,"height":26,"caption":"Escamilla"},"image":{"@id":"https:\/\/escamilla.es\/es_es\/#\/schema\/logo\/image\/"}}]}},"_links":{"self":[{"href":"https:\/\/escamilla.es\/fr\/wp-json\/wp\/v2\/pages\/11660","targetHints":{"allow":["GET"]}}],"collection":[{"href":"https:\/\/escamilla.es\/fr\/wp-json\/wp\/v2\/pages"}],"about":[{"href":"https:\/\/escamilla.es\/fr\/wp-json\/wp\/v2\/types\/page"}],"author":[{"embeddable":true,"href":"https:\/\/escamilla.es\/fr\/wp-json\/wp\/v2\/users\/1"}],"replies":[{"embeddable":true,"href":"https:\/\/escamilla.es\/fr\/wp-json\/wp\/v2\/comments?post=11660"}],"version-history":[{"count":4,"href":"https:\/\/escamilla.es\/fr\/wp-json\/wp\/v2\/pages\/11660\/revisions"}],"predecessor-version":[{"id":11664,"href":"https:\/\/escamilla.es\/fr\/wp-json\/wp\/v2\/pages\/11660\/revisions\/11664"}],"wp:attachment":[{"href":"https:\/\/escamilla.es\/fr\/wp-json\/wp\/v2\/media?parent=11660"}],"curies":[{"name":"wp","href":"https:\/\/api.w.org\/{rel}","templated":true}]}}